{"id":7672,"date":"2025-01-08T13:07:11","date_gmt":"2025-01-08T13:07:11","guid":{"rendered":"https:\/\/lifetech.ch\/cancelli-a-battente\/"},"modified":"2025-10-17T09:28:30","modified_gmt":"2025-10-17T09:28:30","slug":"flugeltore","status":"publish","type":"page","link":"https:\/\/lifetech.ch\/de\/flugeltore\/","title":{"rendered":"Fl\u00fcgeltore"},"content":{"rendered":"<div class=\"wpb-content-wrapper\"><p>[vc_row row_content_width=&#8220;grid&#8220; css=&#8220;.vc_custom_1732199285302{margin-top: 239px !important;padding-bottom: 111px !important;}&#8220;][vc_column offset=&#8220;vc_col-lg-4 vc_col-md-12 vc_col-xs-12&#8243;][vc_empty_space height=&#8220;7px&#8220;]<div class=\"eltdf-section-title-holder  eltdf-st-standard eltdf-st-title-left eltdf-st-normal-space \" style=\"text-align: left\">\n\t<div class=\"eltdf-st-inner\">\n\t\t\t\t\t<h1 class=\"eltdf-st-title\" >\n\t\t\t\tFl\u00fcgeltore\t\t\t<\/h1>\n\t\t\t\t\t\t\t<\/div>\n<\/div>[\/vc_column][vc_column offset=&#8220;vc_col-lg-8 vc_col-md-12 vc_col-xs-12&#8243;]<div class=\"eltdf-elements-holder   eltdf-one-column  eltdf-responsive-mode-768 \" ><div class=\"eltdf-eh-item     \"  data-item-class=\"eltdf-eh-custom-3937\" data-1366-1600=\"0 0 0 4%\" data-1024-1366=\"0 0 0 0%\" data-768-1024=\"8px 0 0 0%\" data-680-768=\"8px 0 0 0%\" data-680=\"8px 0 0 0%\">\n\t\t<div class=\"eltdf-eh-item-inner\">\n\t\t<div class=\"eltdf-eh-item-content eltdf-eh-custom-3937\" style=\"padding: 0 0 0 6%\">\n\t\t\t[vc_column_text css=&#8220;&#8220;]<span style=\"font-size: 17px;\">Fl\u00fcgeltore \u00f6ffnen sich wie eine herk\u00f6mmliche T\u00fcr, ben\u00f6tigen jedoch Platz innerhalb des Grundst\u00fccks und erfordern oft eine ma\u00dfgeschneiderte Planung. Niederspannungsantriebe gew\u00e4hrleisten Sicherheit und Zuverl\u00e4ssigkeit und machen sie ideal f\u00fcr den intensiven Einsatz in gewerblichen und industriellen Bereichen. <\/span>[\/vc_column_text]\t\t<\/div>\n\t<\/div>\n<\/div>\n\n<\/div>[\/vc_column][\/vc_row][vc_row][vc_column]<div class=\"eltdf-elements-holder   eltdf-one-column  eltdf-responsive-mode-768 \" ><div class=\"eltdf-eh-item     \"  data-item-class=\"eltdf-eh-custom-8056\">\n\t\t<div class=\"eltdf-eh-item-inner\">\n\t\t<div class=\"eltdf-eh-item-content eltdf-eh-custom-8056\" style=\"padding: 0 10px\">\n\t\t\t<div class=\"eltdf-portfolio-list-holder eltdf-pl-gallery eltdf-tiny-space eltdf-pl-four-columns eltdf-pl-hover-overlay    eltdf-pl-pag-load-more       eltdf-info-skin-dark eltdf-info-position-middle\"  data-type=gallery data-number-of-columns=4 data-space-between-items=tiny data-number-of-items=10 data-image-proportions=square data-enable-fixed-proportions=no data-enable-image-shadow=no data-category=cancelli-battenti data-orderby=date data-order=ASC data-item-style=hover-overlay data-enable-title=yes data-title-tag=h3 data-enable-category=yes data-enable-count-images=no data-info-skin=dark data-info-position=middle data-pagination-type=load-more data-filter=no data-filter-order-by=name data-enable-article-animation=no data-portfolio-slider-on=no data-enable-loop=yes data-enable-autoplay=yes data-slider-speed=5000 data-slider-speed-animation=600 data-enable-navigation=yes data-enable-pagination=yes data-max-num-pages=1 data-next-page=2>\n\t\t<div class=\"eltdf-pl-inner eltdf-outer-space  clearfix\">\n\t\t\t\t<article class=\"eltdf-pl-item eltdf-item-space  post-7673 portfolio-item type-portfolio-item status-publish has-post-thumbnail hentry portfolio-category-cancelli-battenti-de\">\n\t<div class=\"eltdf-pl-item-inner\">\n\t\t<div class=\"eltdf-pli-image\">\n\t<img loading=\"lazy\" decoding=\"async\" width=\"550\" height=\"550\" src=\"https:\/\/lifetech.ch\/wp-content\/uploads\/2025\/01\/Portfolio_orizz_Mondani-1-550x550.jpg\" class=\"attachment-allston_eltdf_square size-allston_eltdf_square wp-post-image\" alt=\"PROJECT 5455\" srcset=\"https:\/\/lifetech.ch\/wp-content\/uploads\/2025\/01\/Portfolio_orizz_Mondani-1-550x550.jpg 550w, https:\/\/lifetech.ch\/wp-content\/uploads\/2025\/01\/Portfolio_orizz_Mondani-1-150x150.jpg 150w, https:\/\/lifetech.ch\/wp-content\/uploads\/2025\/01\/Portfolio_orizz_Mondani-1-1100x1100.jpg 1100w\" sizes=\"auto, (max-width: 550px) 100vw, 550px\" \/><\/div>\n<div class=\"eltdf-pli-text-holder\" >\n\t<div class=\"eltdf-pli-text-wrapper\">\n\t\t<div class=\"eltdf-pli-text\">\n\t\t\t\t<h3 itemprop=\"name\" class=\"eltdf-pli-title entry-title\" >\n\t\tPROJECT 5455\t<\/h3>\n\n\t\t\t\t\t<div class=\"eltdf-pli-category-holder\">\n\t\t\t\t\t\t\t<a itemprop=\"url\" class=\"eltdf-pli-category\" href=\"https:\/\/lifetech.ch\/de\/portfolio-category\/cancelli-battenti-de\/\">Fl\u00fcgeltore<\/a>\n\t\t\t\t\t<\/div>\n\t\n\t\t\t\t\t<\/div>\n\t<\/div>\n<\/div>\n\t\t<a itemprop=\"url\" class=\"eltdf-pli-link eltdf-block-drag-link\" href=\"https:\/\/lifetech.ch\/de\/portfolio-item\/project-5455\/\" target=\"_self\"><\/a>\n\t<\/div>\n<\/article><article class=\"eltdf-pl-item eltdf-item-space  post-7674 portfolio-item type-portfolio-item status-publish has-post-thumbnail hentry portfolio-category-cancelli-battenti-de\">\n\t<div class=\"eltdf-pl-item-inner\">\n\t\t<div class=\"eltdf-pli-image\">\n\t<img loading=\"lazy\" decoding=\"async\" width=\"550\" height=\"550\" src=\"https:\/\/lifetech.ch\/wp-content\/uploads\/2025\/01\/Portfolio_orizz_Jasson-canc-1-550x550.jpg\" class=\"attachment-allston_eltdf_square size-allston_eltdf_square wp-post-image\" alt=\"PROJECT 6111\" srcset=\"https:\/\/lifetech.ch\/wp-content\/uploads\/2025\/01\/Portfolio_orizz_Jasson-canc-1-550x550.jpg 550w, https:\/\/lifetech.ch\/wp-content\/uploads\/2025\/01\/Portfolio_orizz_Jasson-canc-1-150x150.jpg 150w, https:\/\/lifetech.ch\/wp-content\/uploads\/2025\/01\/Portfolio_orizz_Jasson-canc-1-1100x1100.jpg 1100w\" sizes=\"auto, (max-width: 550px) 100vw, 550px\" \/><\/div>\n<div class=\"eltdf-pli-text-holder\" >\n\t<div class=\"eltdf-pli-text-wrapper\">\n\t\t<div class=\"eltdf-pli-text\">\n\t\t\t\t<h3 itemprop=\"name\" class=\"eltdf-pli-title entry-title\" >\n\t\tPROJECT 6111\t<\/h3>\n\n\t\t\t\t\t<div class=\"eltdf-pli-category-holder\">\n\t\t\t\t\t\t\t<a itemprop=\"url\" class=\"eltdf-pli-category\" href=\"https:\/\/lifetech.ch\/de\/portfolio-category\/cancelli-battenti-de\/\">Fl\u00fcgeltore<\/a>\n\t\t\t\t\t<\/div>\n\t\n\t\t\t\t\t<\/div>\n\t<\/div>\n<\/div>\n\t\t<a itemprop=\"url\" class=\"eltdf-pli-link eltdf-block-drag-link\" href=\"https:\/\/lifetech.ch\/de\/portfolio-item\/project-6111-2\/\" target=\"_self\"><\/a>\n\t<\/div>\n<\/article><article class=\"eltdf-pl-item eltdf-item-space  post-7675 portfolio-item type-portfolio-item status-publish has-post-thumbnail hentry portfolio-category-cancelli-battenti-de\">\n\t<div class=\"eltdf-pl-item-inner\">\n\t\t<div class=\"eltdf-pli-image\">\n\t<img loading=\"lazy\" decoding=\"async\" width=\"550\" height=\"550\" src=\"https:\/\/lifetech.ch\/wp-content\/uploads\/2025\/01\/Portfolio_orizz_Emerald-Living-1-copia-550x550.jpg\" class=\"attachment-allston_eltdf_square size-allston_eltdf_square wp-post-image\" alt=\"PROJECT 5424\" srcset=\"https:\/\/lifetech.ch\/wp-content\/uploads\/2025\/01\/Portfolio_orizz_Emerald-Living-1-copia-550x550.jpg 550w, https:\/\/lifetech.ch\/wp-content\/uploads\/2025\/01\/Portfolio_orizz_Emerald-Living-1-copia-150x150.jpg 150w, https:\/\/lifetech.ch\/wp-content\/uploads\/2025\/01\/Portfolio_orizz_Emerald-Living-1-copia-1100x1100.jpg 1100w\" sizes=\"auto, (max-width: 550px) 100vw, 550px\" \/><\/div>\n<div class=\"eltdf-pli-text-holder\" >\n\t<div class=\"eltdf-pli-text-wrapper\">\n\t\t<div class=\"eltdf-pli-text\">\n\t\t\t\t<h3 itemprop=\"name\" class=\"eltdf-pli-title entry-title\" >\n\t\tPROJECT 5424\t<\/h3>\n\n\t\t\t\t\t<div class=\"eltdf-pli-category-holder\">\n\t\t\t\t\t\t\t<a itemprop=\"url\" class=\"eltdf-pli-category\" href=\"https:\/\/lifetech.ch\/de\/portfolio-category\/cancelli-battenti-de\/\">Fl\u00fcgeltore<\/a>\n\t\t\t\t\t<\/div>\n\t\n\t\t\t\t\t<\/div>\n\t<\/div>\n<\/div>\n\t\t<a itemprop=\"url\" class=\"eltdf-pli-link eltdf-block-drag-link\" href=\"https:\/\/lifetech.ch\/de\/portfolio-item\/project-5424\/\" target=\"_self\"><\/a>\n\t<\/div>\n<\/article><article class=\"eltdf-pl-item eltdf-item-space  post-7676 portfolio-item type-portfolio-item status-publish has-post-thumbnail hentry portfolio-category-cancelli-battenti-de\">\n\t<div class=\"eltdf-pl-item-inner\">\n\t\t<div class=\"eltdf-pli-image\">\n\t<img loading=\"lazy\" decoding=\"async\" width=\"550\" height=\"550\" src=\"https:\/\/lifetech.ch\/wp-content\/uploads\/2025\/01\/Portfolio_orizz_S.Giuseppe1_OK-550x550.png\" class=\"attachment-allston_eltdf_square size-allston_eltdf_square wp-post-image\" alt=\"PROJECT 6267\" srcset=\"https:\/\/lifetech.ch\/wp-content\/uploads\/2025\/01\/Portfolio_orizz_S.Giuseppe1_OK-550x550.png 550w, https:\/\/lifetech.ch\/wp-content\/uploads\/2025\/01\/Portfolio_orizz_S.Giuseppe1_OK-150x150.png 150w, https:\/\/lifetech.ch\/wp-content\/uploads\/2025\/01\/Portfolio_orizz_S.Giuseppe1_OK-1100x1100.png 1100w\" sizes=\"auto, (max-width: 550px) 100vw, 550px\" \/><\/div>\n<div class=\"eltdf-pli-text-holder\" >\n\t<div class=\"eltdf-pli-text-wrapper\">\n\t\t<div class=\"eltdf-pli-text\">\n\t\t\t\t<h3 itemprop=\"name\" class=\"eltdf-pli-title entry-title\" >\n\t\tPROJECT 6267\t<\/h3>\n\n\t\t\t\t\t<div class=\"eltdf-pli-category-holder\">\n\t\t\t\t\t\t\t<a itemprop=\"url\" class=\"eltdf-pli-category\" href=\"https:\/\/lifetech.ch\/de\/portfolio-category\/cancelli-battenti-de\/\">Fl\u00fcgeltore<\/a>\n\t\t\t\t\t<\/div>\n\t\n\t\t\t\t\t<\/div>\n\t<\/div>\n<\/div>\n\t\t<a itemprop=\"url\" class=\"eltdf-pli-link eltdf-block-drag-link\" href=\"https:\/\/lifetech.ch\/de\/portfolio-item\/project-6267\/\" target=\"_self\"><\/a>\n\t<\/div>\n<\/article>\t\t\t<\/div>\n\t\n\t<\/div>\t\t<\/div>\n\t<\/div>\n<\/div>\n\n<\/div>[\/vc_column][\/vc_row]<\/p>\n<\/div>","protected":false},"excerpt":{"rendered":"<p>[vc_row row_content_width=&#8220;grid&#8220; css=&#8220;.vc_custom_1732199285302{margin-top: 239px !important;padding-bottom: 111px !important;}&#8220;][vc_column offset=&#8220;vc_col-lg-4 vc_col-md-12 vc_col-xs-12&#8243;][vc_empty_space height=&#8220;7px&#8220;][\/vc_column][vc_column offset=&#8220;vc_col-lg-8 vc_col-md-12 vc_col-xs-12&#8243;][\/vc_column][\/vc_row][vc_row][vc_column][\/vc_column][\/vc_row]<\/p>\n","protected":false},"author":3,"featured_media":0,"parent":0,"menu_order":0,"comment_status":"closed","ping_status":"closed","template":"full-width.php","meta":{"footnotes":""},"class_list":["post-7672","page","type-page","status-publish","hentry"],"_links":{"self":[{"href":"https:\/\/lifetech.ch\/de\/wp-json\/wp\/v2\/pages\/7672","targetHints":{"allow":["GET"]}}],"collection":[{"href":"https:\/\/lifetech.ch\/de\/wp-json\/wp\/v2\/pages"}],"about":[{"href":"https:\/\/lifetech.ch\/de\/wp-json\/wp\/v2\/types\/page"}],"author":[{"embeddable":true,"href":"https:\/\/lifetech.ch\/de\/wp-json\/wp\/v2\/users\/3"}],"replies":[{"embeddable":true,"href":"https:\/\/lifetech.ch\/de\/wp-json\/wp\/v2\/comments?post=7672"}],"version-history":[{"count":2,"href":"https:\/\/lifetech.ch\/de\/wp-json\/wp\/v2\/pages\/7672\/revisions"}],"predecessor-version":[{"id":7680,"href":"https:\/\/lifetech.ch\/de\/wp-json\/wp\/v2\/pages\/7672\/revisions\/7680"}],"wp:attachment":[{"href":"https:\/\/lifetech.ch\/de\/wp-json\/wp\/v2\/media?parent=7672"}],"curies":[{"name":"wp","href":"https:\/\/api.w.org\/{rel}","templated":true}]}}