{"id":7588,"date":"2024-12-04T08:04:55","date_gmt":"2024-12-04T08:04:55","guid":{"rendered":"https:\/\/lifetech.ch\/servizio-clienti\/"},"modified":"2025-10-15T16:27:04","modified_gmt":"2025-10-15T16:27:04","slug":"kundendienst","status":"publish","type":"page","link":"https:\/\/lifetech.ch\/de\/kundendienst\/","title":{"rendered":"Kundendienst"},"content":{"rendered":"<div class=\"wpb-content-wrapper\"><p>[vc_row el_id=&#8220;eltdf-main-rev-slider&#8220;][vc_column]\n\t\t\t<!-- START servizi DE REVOLUTION SLIDER 6.7.20 --><p class=\"rs-p-wp-fix\"><\/p>\n\t\t\t<rs-module-wrap id=\"rev_slider_39_1_wrapper\" data-source=\"gallery\" style=\"visibility:hidden;background:transparent;padding:0;margin:0px auto;margin-top:0;margin-bottom:0;\">\n\t\t\t\t<rs-module id=\"rev_slider_39_1\" style=\"\" data-version=\"6.7.20\">\n\t\t\t\t\t<rs-slides style=\"overflow: hidden; position: absolute;\">\n\t\t\t\t\t\t<rs-slide style=\"position: absolute;\" data-key=\"rs-145\" data-title=\"Slide\" data-in=\"o:0;\" data-out=\"a:false;\" data-p1=\"03\" data-p2=\"01\">\n\t\t\t\t\t\t\t<img decoding=\"async\" src=\"\/\/lifetech.ch\/wp-content\/plugins\/revslider\/sr6\/assets\/assets\/dummy.png\" alt=\"\" title=\"Slider_servizioClienti4\" width=\"1920\" height=\"1080\" class=\"rev-slidebg tp-rs-img rs-lazyload\" data-lazyload=\"\/\/lifetech.ch\/wp-content\/uploads\/2025\/02\/Slider_servizioClienti4.png\" data-parallax=\"5\" data-no-retina>\n<!--\n\t\t\t\t\t\t\t--><h1\n\t\t\t\t\t\t\t\tid=\"slider-39-slide-145-layer-1\" \n\t\t\t\t\t\t\t\tclass=\"rs-layer\"\n\t\t\t\t\t\t\t\tdata-type=\"text\"\n\t\t\t\t\t\t\t\tdata-xy=\"x:c;y:m;\"\n\t\t\t\t\t\t\t\tdata-text=\"w:normal;s:33,33,33,25;l:100,100,100,30;ls:10px,10px,10px,5px;fw:300;a:center;\"\n\t\t\t\t\t\t\t\tdata-dim=\"w:1055px,1055px,1055px,341px;\"\n\t\t\t\t\t\t\t\tdata-basealign=\"slide\"\n\t\t\t\t\t\t\t\tdata-rsp_bd=\"off\"\n\t\t\t\t\t\t\t\tdata-frame_0=\"x:-50px;\"\n\t\t\t\t\t\t\t\tdata-frame_1=\"st:200;sp:1000;sR:200;\"\n\t\t\t\t\t\t\t\tdata-frame_999=\"o:0;st:w;sR:2800;\"\n\t\t\t\t\t\t\t\tstyle=\"z-index:5;font-family:'Open Sans';text-transform:uppercase;\"\n\t\t\t\t\t\t\t>KUNDENDIENST \n\t\t\t\t\t\t\t<\/h1><!--\n-->\t\t\t\t\t<\/rs-slide>\n\t\t\t\t\t<\/rs-slides>\n\t\t\t\t<\/rs-module>\n\t\t\t\t<script>\n\t\t\t\t\tsetREVStartSize({c: 'rev_slider_39_1',rl:[1240,1240,1240,480],el:[867.997,867.997,867.997,680],gw:[1920,1920,1920,480],gh:[868,868,868,680],type:'standard',justify:'',layout:'fullwidth',mh:\"0\"});if (window.RS_MODULES!==undefined && window.RS_MODULES.modules!==undefined && window.RS_MODULES.modules[\"revslider391\"]!==undefined) {window.RS_MODULES.modules[\"revslider391\"].once = false;window.revapi39 = undefined;if (window.RS_MODULES.checkMinimal!==undefined) window.RS_MODULES.checkMinimal()}\n\t\t\t\t<\/script>\n\t\t\t<\/rs-module-wrap>\n\t\t\t<!-- END REVOLUTION SLIDER -->\n[\/vc_column][\/vc_row][vc_row css=&#8220;.vc_custom_1728393506852{padding-top: 90px !important;padding-bottom: 90px !important;}&#8220;][vc_column el_class=&#8220;first-carousel&#8220;][vc_row_inner][vc_column_inner width=&#8220;1\/6&#8243;][\/vc_column_inner][vc_column_inner el_class=&#8220;my-size-text&#8220; width=&#8220;2\/3&#8243;][vc_column_text css=&#8220;&#8220;]<\/p>\n<p style=\"text-align: center; font-size: 16px;\">Mit \u00fcber <strong>7000 aktiven Anlagen<\/strong> in der Schweiz \u2013 alle unterst\u00fctzt durch <strong>unsere spezialisierten Dienstleistungen<\/strong>:<\/p>\n<p>[\/vc_column_text][\/vc_column_inner][vc_column_inner width=&#8220;1\/6&#8243;][\/vc_column_inner][\/vc_row_inner][vc_row_inner][vc_column_inner width=&#8220;1\/6&#8243;][\/vc_column_inner][vc_column_inner width=&#8220;2\/3&#8243;][\/vc_column_inner][vc_column_inner width=&#8220;1\/6&#8243;][\/vc_column_inner][\/vc_row_inner][\/vc_column][\/vc_row][vc_row][vc_column width=&#8220;1\/6&#8243;][\/vc_column][vc_column width=&#8220;2\/3&#8243;][vc_row_inner equal_height=&#8220;yes&#8220; content_placement=&#8220;middle&#8220; gap=&#8220;20&#8243; el_class=&#8220;boxservizi&#8220;][vc_column_inner el_class=&#8220;hoveranim&#8220; width=&#8220;1\/3&#8243; css=&#8220;.vc_custom_1733335644416{background-image: url(http:\/\/lifetech.ch\/wp-content\/uploads\/2024\/12\/1920X1080_visionSCURO.png?id=5293) !important;border-color: #EEEEEE00 !important;}&#8220;]<div class=\"eltdf-elements-holder  eltdf-eh-full-height eltdf-one-column  eltdf-responsive-mode-768 \" ><div class=\"eltdf-eh-item     \" style=\"background-image: url(https:\/\/lifetech.ch\/wp-content\/uploads\/2024\/12\/Foto_ServizioClienti_0000_01_Installazione.png)\" data-item-class=\"eltdf-eh-custom-9617\">\n\t\t<div class=\"eltdf-eh-item-inner\">\n\t\t<div class=\"eltdf-eh-item-content eltdf-eh-custom-9617\" >\n\t\t\t\t\t<\/div>\n\t<\/div>\n<\/div>\n\n<\/div>[\/vc_column_inner][vc_column_inner width=&#8220;1\/3&#8243; css=&#8220;.vc_custom_1733327026156{border-color: #878787 !important;}&#8220;]<div class=\"eltdf-iwt clearfix eltdf-iwt-icon-font  eltdf-iwt-icon-top eltdf-iwt-icon-large\">\n\t<div class=\"eltdf-iwt-icon\">\n\t\t\t\t\t\t\t\t\t<img loading=\"lazy\" decoding=\"async\" width=\"120\" height=\"120\" src=\"https:\/\/lifetech.ch\/wp-content\/uploads\/2024\/12\/Icone_Installazione.png\" class=\"attachment-full size-full\" alt=\"\" \/>\t\t\t\t\t\t<\/div>\n\t<div class=\"eltdf-iwt-content\" >\n\t\t\t\t\t<h3 class=\"eltdf-iwt-title\" style=\"color: #878787\">\n\t\t\t\t\t\t\t\t<span class=\"eltdf-iwt-title-text\">INSTALLATION<\/span>\n\t\t\t\t\t\t\t<\/h3>\n\n\t\t\t\t\t<\/div>\n\t<\/div>[\/vc_column_inner][vc_column_inner width=&#8220;1\/3&#8243; css=&#8220;.vc_custom_1733335655967{background-color: #000000 !important;border-color: #EEEEEE00 !important;}&#8220;][vc_column_text css=&#8220;.vc_custom_1760516725521{padding-right: 15% !important;padding-left: 15% !important;}&#8220;]<\/p>\n<p style=\"color: #ffffff; text-align: left;\">Wir f\u00fchren massgeschneiderte Installationen an bestehenden Garagentoren und Toranlagen durch, mit besonderem Augenmerk auf Details, damit jedes Projekt die Lifetech-Qualit\u00e4t widerspiegelt.<\/p>\n<p>[\/vc_column_text][\/vc_column_inner][\/vc_row_inner][vc_row_inner equal_height=&#8220;yes&#8220; content_placement=&#8220;middle&#8220; gap=&#8220;20&#8243; el_class=&#8220;boxservizi invertorder&#8220;][vc_column_inner width=&#8220;1\/3&#8243; css=&#8220;.vc_custom_1733300405611{background-color: #000000 !important;}&#8220;][vc_column_text css=&#8220;.vc_custom_1760516757347{padding-right: 15% !important;padding-left: 15% !important;}&#8220;]<\/p>\n<p style=\"color: #ffffff; text-align: left;\">Wir bieten individuelle Abonnements f\u00fcr kontinuierlichen Support und optimale Systemleistung an.<\/p>\n<p>[\/vc_column_text][\/vc_column_inner][vc_column_inner el_class=&#8220;whitec&#8220; width=&#8220;1\/3&#8243; css=&#8220;.vc_custom_1734431128633{background-color: #878787 !important;border-color: #878787 !important;}&#8220;]<div class=\"eltdf-iwt clearfix eltdf-iwt-icon-font  eltdf-iwt-icon-top eltdf-iwt-icon-large\">\n\t<div class=\"eltdf-iwt-icon\">\n\t\t\t\t\t\t\t\t\t<img loading=\"lazy\" decoding=\"async\" width=\"120\" height=\"120\" src=\"https:\/\/lifetech.ch\/wp-content\/uploads\/2024\/12\/Icone_Abbonamenti_bianco.png\" class=\"attachment-full size-full\" alt=\"\" \/>\t\t\t\t\t\t<\/div>\n\t<div class=\"eltdf-iwt-content\" >\n\t\t\t\t\t<h3 class=\"eltdf-iwt-title\" style=\"color: #FFFFFF\">\n\t\t\t\t\t\t\t\t<span class=\"eltdf-iwt-title-text\">ABONNEMENTS<\/span>\n\t\t\t\t\t\t\t<\/h3>\n\n\t\t\t\t\t<\/div>\n\t<\/div>[\/vc_column_inner][vc_column_inner el_class=&#8220;hoveranim&#8220; width=&#8220;1\/3&#8243; css=&#8220;.vc_custom_1733301606395{background-image: url(http:\/\/lifetech.ch\/wp-content\/uploads\/2024\/12\/1920X1080_visionSCURO.png?id=5293) !important;}&#8220;]<div class=\"eltdf-elements-holder  eltdf-eh-full-height eltdf-one-column  eltdf-responsive-mode-768 \" ><div class=\"eltdf-eh-item     \" style=\"background-image: url(https:\/\/lifetech.ch\/wp-content\/uploads\/2024\/12\/Foto_ServizioClienti_0001_02_abbonamenti.png)\" data-item-class=\"eltdf-eh-custom-7265\">\n\t\t<div class=\"eltdf-eh-item-inner\">\n\t\t<div class=\"eltdf-eh-item-content eltdf-eh-custom-7265\" >\n\t\t\t\t\t<\/div>\n\t<\/div>\n<\/div>\n\n<\/div>[\/vc_column_inner][\/vc_row_inner][vc_row_inner equal_height=&#8220;yes&#8220; content_placement=&#8220;middle&#8220; gap=&#8220;20&#8243; el_class=&#8220;boxservizi&#8220;][vc_column_inner el_class=&#8220;hoveranim&#8220; width=&#8220;1\/3&#8243; css=&#8220;.vc_custom_1733301606395{background-image: url(http:\/\/lifetech.ch\/wp-content\/uploads\/2024\/12\/1920X1080_visionSCURO.png?id=5293) !important;}&#8220;]<div class=\"eltdf-elements-holder  eltdf-eh-full-height eltdf-one-column  eltdf-responsive-mode-768 \" ><div class=\"eltdf-eh-item     \" style=\"background-image: url(https:\/\/lifetech.ch\/wp-content\/uploads\/2024\/12\/Foto_ServizioClienti_0002_03_picchetto.png)\" data-item-class=\"eltdf-eh-custom-9918\">\n\t\t<div class=\"eltdf-eh-item-inner\">\n\t\t<div class=\"eltdf-eh-item-content eltdf-eh-custom-9918\" >\n\t\t\t\t\t<\/div>\n\t<\/div>\n<\/div>\n\n<\/div>[\/vc_column_inner][vc_column_inner width=&#8220;1\/3&#8243; css=&#8220;.vc_custom_1733327036643{border-color: #878787 !important;}&#8220;]<div class=\"eltdf-iwt clearfix eltdf-iwt-icon-font  eltdf-iwt-icon-top eltdf-iwt-icon-large\">\n\t<div class=\"eltdf-iwt-icon\">\n\t\t\t\t\t\t\t\t\t<img loading=\"lazy\" decoding=\"async\" width=\"120\" height=\"120\" src=\"https:\/\/lifetech.ch\/wp-content\/uploads\/2024\/12\/Icone_Picchetto.png\" class=\"attachment-full size-full\" alt=\"\" \/>\t\t\t\t\t\t<\/div>\n\t<div class=\"eltdf-iwt-content\" >\n\t\t\t\t\t<h3 class=\"eltdf-iwt-title\" style=\"color: #878787\">\n\t\t\t\t\t\t\t\t<span class=\"eltdf-iwt-title-text\">PIKETTDIENST<\/span>\n\t\t\t\t\t\t\t<\/h3>\n\n\t\t\t\t\t<\/div>\n\t<\/div>[\/vc_column_inner][vc_column_inner width=&#8220;1\/3&#8243; css=&#8220;.vc_custom_1733300405611{background-color: #000000 !important;}&#8220;][vc_column_text css=&#8220;.vc_custom_1760516834634{padding-right: 15% !important;padding-left: 15% !important;}&#8220;]<\/p>\n<p style=\"color: #ffffff; text-align: left;\">Unser Pikettdienst ist rund um die Uhr (24\/7) verf\u00fcgbar und bereit, bei technischen Notf\u00e4llen schnell einzugreifen.<\/p>\n<p>[\/vc_column_text][\/vc_column_inner][\/vc_row_inner][vc_row_inner equal_height=&#8220;yes&#8220; content_placement=&#8220;middle&#8220; gap=&#8220;20&#8243; el_class=&#8220;boxservizi invertorder&#8220;][vc_column_inner width=&#8220;1\/3&#8243; css=&#8220;.vc_custom_1733300405611{background-color: #000000 !important;}&#8220;][vc_column_text css=&#8220;.vc_custom_1760516880148{padding-right: 15% !important;padding-left: 15% !important;}&#8220;]<\/p>\n<p style=\"color: #ffffff; text-align: left;\">Wir f\u00fchren Reparaturen mit hochwertigen Materialien und Fachkompetenz durch \u2013 f\u00fcr dauerhafte Funktionalit\u00e4t und Zuverl\u00e4ssigkeit.<\/p>\n<p>[\/vc_column_text][\/vc_column_inner][vc_column_inner el_class=&#8220;whitec&#8220; width=&#8220;1\/3&#8243; css=&#8220;.vc_custom_1734431133931{background-color: #878787 !important;border-color: #878787 !important;}&#8220;]<div class=\"eltdf-iwt clearfix eltdf-iwt-icon-font  eltdf-iwt-icon-top eltdf-iwt-icon-large\">\n\t<div class=\"eltdf-iwt-icon\">\n\t\t\t\t\t\t\t\t\t<img loading=\"lazy\" decoding=\"async\" width=\"120\" height=\"120\" src=\"https:\/\/lifetech.ch\/wp-content\/uploads\/2024\/12\/Icone_Riparazione_bianco.png\" class=\"attachment-full size-full\" alt=\"\" \/>\t\t\t\t\t\t<\/div>\n\t<div class=\"eltdf-iwt-content\" >\n\t\t\t\t\t<h3 class=\"eltdf-iwt-title\" style=\"color: #FFFFFF\">\n\t\t\t\t\t\t\t\t<span class=\"eltdf-iwt-title-text\">REPARATUREN<\/span>\n\t\t\t\t\t\t\t<\/h3>\n\n\t\t\t\t\t<\/div>\n\t<\/div>[\/vc_column_inner][vc_column_inner el_class=&#8220;hoveranim&#8220; width=&#8220;1\/3&#8243; css=&#8220;.vc_custom_1733301606395{background-image: url(http:\/\/lifetech.ch\/wp-content\/uploads\/2024\/12\/1920X1080_visionSCURO.png?id=5293) !important;}&#8220;]<div class=\"eltdf-elements-holder  eltdf-eh-full-height eltdf-one-column  eltdf-responsive-mode-768 \" ><div class=\"eltdf-eh-item     \" style=\"background-image: url(https:\/\/lifetech.ch\/wp-content\/uploads\/2024\/12\/Foto_ServizioClienti_0003_04_riparazioni.png)\" data-item-class=\"eltdf-eh-custom-8643\">\n\t\t<div class=\"eltdf-eh-item-inner\">\n\t\t<div class=\"eltdf-eh-item-content eltdf-eh-custom-8643\" >\n\t\t\t\t\t<\/div>\n\t<\/div>\n<\/div>\n\n<\/div>[\/vc_column_inner][\/vc_row_inner][vc_row_inner equal_height=&#8220;yes&#8220; content_placement=&#8220;middle&#8220; gap=&#8220;20&#8243; el_class=&#8220;boxservizi&#8220;][vc_column_inner el_class=&#8220;hoveranim&#8220; width=&#8220;1\/3&#8243; css=&#8220;.vc_custom_1733301606395{background-image: url(http:\/\/lifetech.ch\/wp-content\/uploads\/2024\/12\/1920X1080_visionSCURO.png?id=5293) !important;}&#8220;]<div class=\"eltdf-elements-holder  eltdf-eh-full-height eltdf-one-column  eltdf-responsive-mode-768 \" ><div class=\"eltdf-eh-item     \" style=\"background-image: url(https:\/\/lifetech.ch\/wp-content\/uploads\/2024\/12\/Foto_ServizioClienti_0004_05_messe-sicurezza.png)\" data-item-class=\"eltdf-eh-custom-5581\">\n\t\t<div class=\"eltdf-eh-item-inner\">\n\t\t<div class=\"eltdf-eh-item-content eltdf-eh-custom-5581\" >\n\t\t\t\t\t<\/div>\n\t<\/div>\n<\/div>\n\n<\/div>[\/vc_column_inner][vc_column_inner width=&#8220;1\/3&#8243; css=&#8220;.vc_custom_1733327047227{border-color: #878787 !important;}&#8220;]<div class=\"eltdf-iwt clearfix eltdf-iwt-icon-font  eltdf-iwt-icon-top eltdf-iwt-icon-large\">\n\t<div class=\"eltdf-iwt-icon\">\n\t\t\t\t\t\t\t\t\t<img loading=\"lazy\" decoding=\"async\" width=\"120\" height=\"120\" src=\"https:\/\/lifetech.ch\/wp-content\/uploads\/2024\/12\/Icone_Sicurezza.png\" class=\"attachment-full size-full\" alt=\"\" \/>\t\t\t\t\t\t<\/div>\n\t<div class=\"eltdf-iwt-content\" >\n\t\t\t\t\t<h3 class=\"eltdf-iwt-title\" style=\"color: #878787\">\n\t\t\t\t\t\t\t\t<span class=\"eltdf-iwt-title-text\">SANIERUNGEN UND SICHERHEITSNACHR\u00dcSTUNGEN<\/span>\n\t\t\t\t\t\t\t<\/h3>\n\n\t\t\t\t\t<\/div>\n\t<\/div>[\/vc_column_inner][vc_column_inner width=&#8220;1\/3&#8243; css=&#8220;.vc_custom_1733300405611{background-color: #000000 !important;}&#8220;][vc_column_text css=&#8220;.vc_custom_1760516912389{padding-right: 15% !important;padding-left: 15% !important;}&#8220;]<\/p>\n<p style=\"color: #ffffff; text-align: left;\">Wir sanieren und sichern Ihre Anlagen mit innovativen L\u00f6sungen zu, die sowohl die \u00c4sthetik als auch die Funktion verbessern.<\/p>\n<p>[\/vc_column_text][\/vc_column_inner][\/vc_row_inner][\/vc_column][vc_column width=&#8220;1\/6&#8243;][\/vc_column][\/vc_row][vc_row css=&#8220;.vc_custom_1741252379801{padding-bottom: 10px !important;}&#8220;][vc_column width=&#8220;1\/4&#8243;][\/vc_column][vc_column width=&#8220;1\/2&#8243; css=&#8220;.vc_custom_1741251910289{padding-top: 40px !important;}&#8220;][vc_btn title=&#8220;VEREINBAREN SIE EINEN TERMIN&#8220; shape=&#8220;square&#8220; color=&#8220;white&#8220; align=&#8220;center&#8220; css=&#8220;&#8220; link=&#8220;url:https%3A%2F%2Flifetech.ch%2Fde%2Fcontatti%2F|title:Contatti&#8220; el_class=&#8220;pulsantewhite&#8220;][vc_custom_heading text=&#8220;mit unseren <strong>Experten<\/strong>&#8220; font_container=&#8220;tag:h2|font_size:18px|text_align:center&#8220; use_theme_fonts=&#8220;yes&#8220; css=&#8220;&#8220;][vc_separator align=&#8220;align_left&#8220; css=&#8220;.vc_custom_1741251895918{margin-top: 5px !important;}&#8220;][\/vc_column][vc_column width=&#8220;1\/4&#8243;][\/vc_column][\/vc_row]<\/p>\n<\/div>","protected":false},"excerpt":{"rendered":"<p>[vc_row el_id=&#8220;eltdf-main-rev-slider&#8220;][vc_column][\/vc_column][\/vc_row][vc_row css=&#8220;.vc_custom_1728393506852{padding-top: 90px !important;padding-bottom: 90px !important;}&#8220;][vc_column el_class=&#8220;first-carousel&#8220;][vc_row_inner][vc_column_inner width=&#8220;1\/6&#8243;][\/vc_column_inner][vc_column_inner el_class=&#8220;my-size-text&#8220; width=&#8220;2\/3&#8243;][vc_column_text css=&#8220;&#8220;] Mit \u00fcber 7000 aktiven Anlagen in der Schweiz \u2013 alle unterst\u00fctzt durch unsere spezialisierten Dienstleistungen: [\/vc_column_text][\/vc_column_inner][vc_column_inner width=&#8220;1\/6&#8243;][\/vc_column_inner][\/vc_row_inner][vc_row_inner][vc_column_inner width=&#8220;1\/6&#8243;][\/vc_column_inner][vc_column_inner width=&#8220;2\/3&#8243;][\/vc_column_inner][vc_column_inner width=&#8220;1\/6&#8243;][\/vc_column_inner][\/vc_row_inner][\/vc_column][\/vc_row][vc_row][vc_column width=&#8220;1\/6&#8243;][\/vc_column][vc_column width=&#8220;2\/3&#8243;][vc_row_inner equal_height=&#8220;yes&#8220; content_placement=&#8220;middle&#8220; gap=&#8220;20&#8243; el_class=&#8220;boxservizi&#8220;][vc_column_inner el_class=&#8220;hoveranim&#8220; width=&#8220;1\/3&#8243; [&hellip;]<\/p>\n","protected":false},"author":3,"featured_media":0,"parent":0,"menu_order":0,"comment_status":"closed","ping_status":"closed","template":"full-width.php","meta":{"footnotes":""},"class_list":["post-7588","page","type-page","status-publish","hentry"],"_links":{"self":[{"href":"https:\/\/lifetech.ch\/de\/wp-json\/wp\/v2\/pages\/7588","targetHints":{"allow":["GET"]}}],"collection":[{"href":"https:\/\/lifetech.ch\/de\/wp-json\/wp\/v2\/pages"}],"about":[{"href":"https:\/\/lifetech.ch\/de\/wp-json\/wp\/v2\/types\/page"}],"author":[{"embeddable":true,"href":"https:\/\/lifetech.ch\/de\/wp-json\/wp\/v2\/users\/3"}],"replies":[{"embeddable":true,"href":"https:\/\/lifetech.ch\/de\/wp-json\/wp\/v2\/comments?post=7588"}],"version-history":[{"count":2,"href":"https:\/\/lifetech.ch\/de\/wp-json\/wp\/v2\/pages\/7588\/revisions"}],"predecessor-version":[{"id":7590,"href":"https:\/\/lifetech.ch\/de\/wp-json\/wp\/v2\/pages\/7588\/revisions\/7590"}],"wp:attachment":[{"href":"https:\/\/lifetech.ch\/de\/wp-json\/wp\/v2\/media?parent=7588"}],"curies":[{"name":"wp","href":"https:\/\/api.w.org\/{rel}","templated":true}]}}