{"id":7558,"date":"2025-01-08T11:40:44","date_gmt":"2025-01-08T11:40:44","guid":{"rendered":"https:\/\/lifetech.ch\/porte-scorrevoli\/"},"modified":"2025-10-17T12:30:30","modified_gmt":"2025-10-17T12:30:30","slug":"schiebentore","status":"publish","type":"page","link":"https:\/\/lifetech.ch\/de\/schiebentore\/","title":{"rendered":"Schiebetore"},"content":{"rendered":"<div class=\"wpb-content-wrapper\"><p>[vc_row row_content_width=&#8220;grid&#8220; css=&#8220;.vc_custom_1732199285302{margin-top: 239px !important;padding-bottom: 111px !important;}&#8220;][vc_column offset=&#8220;vc_col-lg-4 vc_col-md-12 vc_col-xs-12&#8243;][vc_empty_space height=&#8220;7px&#8220;]<div class=\"eltdf-section-title-holder  eltdf-st-standard eltdf-st-title-left eltdf-st-normal-space \" style=\"text-align: left\">\n\t<div class=\"eltdf-st-inner\">\n\t\t\t\t\t<h1 class=\"eltdf-st-title\" >\n\t\t\t\tSchiebetore\t\t\t<\/h1>\n\t\t\t\t\t\t\t<\/div>\n<\/div>[\/vc_column][vc_column offset=&#8220;vc_col-lg-8 vc_col-md-12 vc_col-xs-12&#8243;]<div class=\"eltdf-elements-holder   eltdf-one-column  eltdf-responsive-mode-768 \" ><div class=\"eltdf-eh-item     \"  data-item-class=\"eltdf-eh-custom-8466\" data-1366-1600=\"0 0 0 4%\" data-1024-1366=\"0 0 0 0%\" data-768-1024=\"8px 0 0 0%\" data-680-768=\"8px 0 0 0%\" data-680=\"8px 0 0 0%\">\n\t\t<div class=\"eltdf-eh-item-inner\">\n\t\t<div class=\"eltdf-eh-item-content eltdf-eh-custom-8466\" style=\"padding: 0 0 0 6%\">\n\t\t\t[vc_column_text css=&#8220;&#8220;]<span style=\"font-size: 17px;\">Schiebetore sind \u00e4usserst robust und flexibel \u2013 ideal f\u00fcr den privaten, industriellen und gemeinschaftlichen Einsatz. Sie sind widerstandsf\u00e4hig bei intensiver Nutzung und vielseitig einsetzbar, mit hoher Leistungsf\u00e4higkeit in jedem Umfeld.<\/span>[\/vc_column_text]\t\t<\/div>\n\t<\/div>\n<\/div>\n\n<\/div>[\/vc_column][\/vc_row][vc_row][vc_column]<div class=\"eltdf-elements-holder   eltdf-one-column  eltdf-responsive-mode-768 \" ><div class=\"eltdf-eh-item     \"  data-item-class=\"eltdf-eh-custom-9933\">\n\t\t<div class=\"eltdf-eh-item-inner\">\n\t\t<div class=\"eltdf-eh-item-content eltdf-eh-custom-9933\" style=\"padding: 0 10px\">\n\t\t\t<div class=\"eltdf-portfolio-list-holder eltdf-pl-gallery eltdf-tiny-space eltdf-pl-four-columns eltdf-pl-hover-overlay    eltdf-pl-pag-load-more       eltdf-info-skin-dark eltdf-info-position-middle\"  data-type=gallery data-number-of-columns=4 data-space-between-items=tiny data-number-of-items=10 data-image-proportions=square data-enable-fixed-proportions=no data-enable-image-shadow=no data-category=porte-garage-scorrevoli data-orderby=date data-order=ASC data-item-style=hover-overlay data-enable-title=yes data-title-tag=h3 data-enable-category=yes data-enable-count-images=no data-info-skin=dark data-info-position=middle data-pagination-type=load-more data-filter=no data-filter-order-by=name data-enable-article-animation=no data-portfolio-slider-on=no data-enable-loop=yes data-enable-autoplay=yes data-slider-speed=5000 data-slider-speed-animation=600 data-enable-navigation=yes data-enable-pagination=yes data-max-num-pages=1 data-next-page=2>\n\t\t<div class=\"eltdf-pl-inner eltdf-outer-space  clearfix\">\n\t\t\t\t<article class=\"eltdf-pl-item eltdf-item-space  post-7560 portfolio-item type-portfolio-item status-publish has-post-thumbnail hentry portfolio-category-porte-garage-scorrevoli-de\">\n\t<div class=\"eltdf-pl-item-inner\">\n\t\t<div class=\"eltdf-pli-image\">\n\t<img loading=\"lazy\" decoding=\"async\" width=\"550\" height=\"550\" src=\"https:\/\/lifetech.ch\/wp-content\/uploads\/2025\/01\/Portfolio_orizz_Residenza-Jasson-1-550x550.jpg\" class=\"attachment-allston_eltdf_square size-allston_eltdf_square wp-post-image\" alt=\"PROJECT 6111\" srcset=\"https:\/\/lifetech.ch\/wp-content\/uploads\/2025\/01\/Portfolio_orizz_Residenza-Jasson-1-550x550.jpg 550w, https:\/\/lifetech.ch\/wp-content\/uploads\/2025\/01\/Portfolio_orizz_Residenza-Jasson-1-150x150.jpg 150w, https:\/\/lifetech.ch\/wp-content\/uploads\/2025\/01\/Portfolio_orizz_Residenza-Jasson-1-1100x1100.jpg 1100w\" sizes=\"auto, (max-width: 550px) 100vw, 550px\" \/><\/div>\n<div class=\"eltdf-pli-text-holder\" >\n\t<div class=\"eltdf-pli-text-wrapper\">\n\t\t<div class=\"eltdf-pli-text\">\n\t\t\t\t<h3 itemprop=\"name\" class=\"eltdf-pli-title entry-title\" >\n\t\tPROJECT 6111\t<\/h3>\n\n\t\t\t\t\t<div class=\"eltdf-pli-category-holder\">\n\t\t\t\t\t\t\t<a itemprop=\"url\" class=\"eltdf-pli-category\" href=\"https:\/\/lifetech.ch\/de\/portfolio-category\/porte-garage-scorrevoli-de\/\">Schiebetore<\/a>\n\t\t\t\t\t<\/div>\n\t\n\t\t\t\t\t<\/div>\n\t<\/div>\n<\/div>\n\t\t<a itemprop=\"url\" class=\"eltdf-pli-link eltdf-block-drag-link\" href=\"https:\/\/lifetech.ch\/de\/portfolio-item\/project-6111\/\" target=\"_self\"><\/a>\n\t<\/div>\n<\/article><article class=\"eltdf-pl-item eltdf-item-space  post-7562 portfolio-item type-portfolio-item status-publish has-post-thumbnail hentry portfolio-category-porte-garage-scorrevoli-de\">\n\t<div class=\"eltdf-pl-item-inner\">\n\t\t<div class=\"eltdf-pli-image\">\n\t<img loading=\"lazy\" decoding=\"async\" width=\"550\" height=\"550\" src=\"https:\/\/lifetech.ch\/wp-content\/uploads\/2025\/01\/Portfolio_orizz_Leventini-1-550x550.jpg\" class=\"attachment-allston_eltdf_square size-allston_eltdf_square wp-post-image\" alt=\"PROJECT 5988\" srcset=\"https:\/\/lifetech.ch\/wp-content\/uploads\/2025\/01\/Portfolio_orizz_Leventini-1-550x550.jpg 550w, https:\/\/lifetech.ch\/wp-content\/uploads\/2025\/01\/Portfolio_orizz_Leventini-1-150x150.jpg 150w, https:\/\/lifetech.ch\/wp-content\/uploads\/2025\/01\/Portfolio_orizz_Leventini-1-1100x1100.jpg 1100w\" sizes=\"auto, (max-width: 550px) 100vw, 550px\" \/><\/div>\n<div class=\"eltdf-pli-text-holder\" >\n\t<div class=\"eltdf-pli-text-wrapper\">\n\t\t<div class=\"eltdf-pli-text\">\n\t\t\t\t<h3 itemprop=\"name\" class=\"eltdf-pli-title entry-title\" >\n\t\tPROJECT 5988\t<\/h3>\n\n\t\t\t\t\t<div class=\"eltdf-pli-category-holder\">\n\t\t\t\t\t\t\t<a itemprop=\"url\" class=\"eltdf-pli-category\" href=\"https:\/\/lifetech.ch\/de\/portfolio-category\/porte-garage-scorrevoli-de\/\">Schiebetore<\/a>\n\t\t\t\t\t<\/div>\n\t\n\t\t\t\t\t<\/div>\n\t<\/div>\n<\/div>\n\t\t<a itemprop=\"url\" class=\"eltdf-pli-link eltdf-block-drag-link\" href=\"https:\/\/lifetech.ch\/de\/portfolio-item\/project-5988\/\" target=\"_self\"><\/a>\n\t<\/div>\n<\/article><article class=\"eltdf-pl-item eltdf-item-space  post-7565 portfolio-item type-portfolio-item status-publish has-post-thumbnail hentry portfolio-category-porte-garage-scorrevoli-de\">\n\t<div class=\"eltdf-pl-item-inner\">\n\t\t<div class=\"eltdf-pli-image\">\n\t<img loading=\"lazy\" decoding=\"async\" width=\"550\" height=\"550\" src=\"https:\/\/lifetech.ch\/wp-content\/uploads\/2025\/01\/Portfolio_orizz_Magazzino-exmilitare-1-550x550.jpg\" class=\"attachment-allston_eltdf_square size-allston_eltdf_square wp-post-image\" alt=\"PROJECT 3607\" srcset=\"https:\/\/lifetech.ch\/wp-content\/uploads\/2025\/01\/Portfolio_orizz_Magazzino-exmilitare-1-550x550.jpg 550w, https:\/\/lifetech.ch\/wp-content\/uploads\/2025\/01\/Portfolio_orizz_Magazzino-exmilitare-1-150x150.jpg 150w, https:\/\/lifetech.ch\/wp-content\/uploads\/2025\/01\/Portfolio_orizz_Magazzino-exmilitare-1-1100x1100.jpg 1100w\" sizes=\"auto, (max-width: 550px) 100vw, 550px\" \/><\/div>\n<div class=\"eltdf-pli-text-holder\" >\n\t<div class=\"eltdf-pli-text-wrapper\">\n\t\t<div class=\"eltdf-pli-text\">\n\t\t\t\t<h3 itemprop=\"name\" class=\"eltdf-pli-title entry-title\" >\n\t\tPROJECT 3607\t<\/h3>\n\n\t\t\t\t\t<div class=\"eltdf-pli-category-holder\">\n\t\t\t\t\t\t\t<a itemprop=\"url\" class=\"eltdf-pli-category\" href=\"https:\/\/lifetech.ch\/de\/portfolio-category\/porte-garage-scorrevoli-de\/\">Schiebetore<\/a>\n\t\t\t\t\t<\/div>\n\t\n\t\t\t\t\t<\/div>\n\t<\/div>\n<\/div>\n\t\t<a itemprop=\"url\" class=\"eltdf-pli-link eltdf-block-drag-link\" href=\"https:\/\/lifetech.ch\/de\/portfolio-item\/project-3607\/\" target=\"_self\"><\/a>\n\t<\/div>\n<\/article><article class=\"eltdf-pl-item eltdf-item-space  post-7567 portfolio-item type-portfolio-item status-publish has-post-thumbnail hentry portfolio-category-porte-garage-scorrevoli-de\">\n\t<div class=\"eltdf-pl-item-inner\">\n\t\t<div class=\"eltdf-pli-image\">\n\t<img loading=\"lazy\" decoding=\"async\" width=\"550\" height=\"550\" src=\"https:\/\/lifetech.ch\/wp-content\/uploads\/2025\/01\/Portfolio_orizz_Villa-Roth-1-550x550.jpg\" class=\"attachment-allston_eltdf_square size-allston_eltdf_square wp-post-image\" alt=\"ARTEMISIA\" srcset=\"https:\/\/lifetech.ch\/wp-content\/uploads\/2025\/01\/Portfolio_orizz_Villa-Roth-1-550x550.jpg 550w, https:\/\/lifetech.ch\/wp-content\/uploads\/2025\/01\/Portfolio_orizz_Villa-Roth-1-150x150.jpg 150w, https:\/\/lifetech.ch\/wp-content\/uploads\/2025\/01\/Portfolio_orizz_Villa-Roth-1-1100x1100.jpg 1100w, https:\/\/lifetech.ch\/wp-content\/uploads\/2025\/01\/Portfolio_orizz_Villa-Roth-1-300x300.jpg 300w, https:\/\/lifetech.ch\/wp-content\/uploads\/2025\/01\/Portfolio_orizz_Villa-Roth-1-400x400.jpg 400w, https:\/\/lifetech.ch\/wp-content\/uploads\/2025\/01\/Portfolio_orizz_Villa-Roth-1-600x600.jpg 600w\" sizes=\"auto, (max-width: 550px) 100vw, 550px\" \/><\/div>\n<div class=\"eltdf-pli-text-holder\" >\n\t<div class=\"eltdf-pli-text-wrapper\">\n\t\t<div class=\"eltdf-pli-text\">\n\t\t\t\t<h3 itemprop=\"name\" class=\"eltdf-pli-title entry-title\" >\n\t\tARTEMISIA\t<\/h3>\n\n\t\t\t\t\t<div class=\"eltdf-pli-category-holder\">\n\t\t\t\t\t\t\t<a itemprop=\"url\" class=\"eltdf-pli-category\" href=\"https:\/\/lifetech.ch\/de\/portfolio-category\/porte-garage-scorrevoli-de\/\">Schiebetore<\/a>\n\t\t\t\t\t<\/div>\n\t\n\t\t\t\t\t<\/div>\n\t<\/div>\n<\/div>\n\t\t<a itemprop=\"url\" class=\"eltdf-pli-link eltdf-block-drag-link\" href=\"https:\/\/lifetech.ch\/de\/portfolio-item\/scorrevoli-artemisia\/\" target=\"_self\"><\/a>\n\t<\/div>\n<\/article>\t\t\t<\/div>\n\t\n\t<\/div>\t\t<\/div>\n\t<\/div>\n<\/div>\n\n<\/div>[\/vc_column][\/vc_row]<\/p>\n<\/div>","protected":false},"excerpt":{"rendered":"<p>[vc_row row_content_width=&#8220;grid&#8220; css=&#8220;.vc_custom_1732199285302{margin-top: 239px !important;padding-bottom: 111px !important;}&#8220;][vc_column offset=&#8220;vc_col-lg-4 vc_col-md-12 vc_col-xs-12&#8243;][vc_empty_space height=&#8220;7px&#8220;][\/vc_column][vc_column offset=&#8220;vc_col-lg-8 vc_col-md-12 vc_col-xs-12&#8243;][\/vc_column][\/vc_row][vc_row][vc_column][\/vc_column][\/vc_row]<\/p>\n","protected":false},"author":3,"featured_media":0,"parent":0,"menu_order":0,"comment_status":"closed","ping_status":"closed","template":"full-width.php","meta":{"footnotes":""},"class_list":["post-7558","page","type-page","status-publish","hentry"],"_links":{"self":[{"href":"https:\/\/lifetech.ch\/de\/wp-json\/wp\/v2\/pages\/7558","targetHints":{"allow":["GET"]}}],"collection":[{"href":"https:\/\/lifetech.ch\/de\/wp-json\/wp\/v2\/pages"}],"about":[{"href":"https:\/\/lifetech.ch\/de\/wp-json\/wp\/v2\/types\/page"}],"author":[{"embeddable":true,"href":"https:\/\/lifetech.ch\/de\/wp-json\/wp\/v2\/users\/3"}],"replies":[{"embeddable":true,"href":"https:\/\/lifetech.ch\/de\/wp-json\/wp\/v2\/comments?post=7558"}],"version-history":[{"count":1,"href":"https:\/\/lifetech.ch\/de\/wp-json\/wp\/v2\/pages\/7558\/revisions"}],"predecessor-version":[{"id":7559,"href":"https:\/\/lifetech.ch\/de\/wp-json\/wp\/v2\/pages\/7558\/revisions\/7559"}],"wp:attachment":[{"href":"https:\/\/lifetech.ch\/de\/wp-json\/wp\/v2\/media?parent=7558"}],"curies":[{"name":"wp","href":"https:\/\/api.w.org\/{rel}","templated":true}]}}