{"id":7541,"date":"2018-04-04T08:42:05","date_gmt":"2018-04-04T08:42:05","guid":{"rendered":"https:\/\/lifetech.ch\/porte-garage\/"},"modified":"2025-10-17T12:33:36","modified_gmt":"2025-10-17T12:33:36","slug":"garagentore","status":"publish","type":"page","link":"https:\/\/lifetech.ch\/de\/garagentore\/","title":{"rendered":"Garagentore"},"content":{"rendered":"<div class=\"wpb-content-wrapper\"><p>[vc_row el_id=&#8220;eltdf-main-rev-slider&#8220;][vc_column]\n\t\t\t<!-- START Garagentore REVOLUTION SLIDER 6.7.20 --><p class=\"rs-p-wp-fix\"><\/p>\n\t\t\t<rs-module-wrap id=\"rev_slider_41_1_wrapper\" data-source=\"gallery\" style=\"visibility:hidden;background:transparent;padding:0;margin:0px auto;margin-top:0;margin-bottom:0;\">\n\t\t\t\t<rs-module id=\"rev_slider_41_1\" style=\"\" data-version=\"6.7.20\">\n\t\t\t\t\t<rs-slides style=\"overflow: hidden; position: absolute;\">\n\t\t\t\t\t\t<rs-slide style=\"position: absolute;\" data-key=\"rs-151\" data-title=\"Slide\" data-in=\"o:0;\" data-out=\"a:false;\" data-p1=\"03\" data-p2=\"01\">\n\t\t\t\t\t\t\t<img decoding=\"async\" src=\"\/\/lifetech.ch\/wp-content\/plugins\/revslider\/sr6\/assets\/assets\/dummy.png\" alt=\"\" title=\"Slider_porteGarage\" width=\"1770\" height=\"878\" class=\"rev-slidebg tp-rs-img rs-lazyload\" data-lazyload=\"\/\/lifetech.ch\/wp-content\/uploads\/2024\/10\/Slider_porteGarage.jpg\" data-parallax=\"5\" data-no-retina>\n<!--\n\t\t\t\t\t\t\t--><rs-layer\n\t\t\t\t\t\t\t\tid=\"slider-41-slide-151-layer-1\" \n\t\t\t\t\t\t\t\tdata-type=\"text\"\n\t\t\t\t\t\t\t\tdata-xy=\"x:l,l,l,c;xo:260px,260px,260px,0;y:m;\"\n\t\t\t\t\t\t\t\tdata-text=\"w:normal;s:33;l:100,100,100,38;ls:10px,10px,10px,5px;fw:300;a:inherit,inherit,inherit,center;\"\n\t\t\t\t\t\t\t\tdata-dim=\"w:1055px,1055px,1055px,100%;\"\n\t\t\t\t\t\t\t\tdata-rsp_bd=\"off\"\n\t\t\t\t\t\t\t\tdata-frame_0=\"x:-50px;\"\n\t\t\t\t\t\t\t\tdata-frame_1=\"st:200;sp:1000;sR:200;\"\n\t\t\t\t\t\t\t\tdata-frame_999=\"o:0;st:w;sR:2800;\"\n\t\t\t\t\t\t\t\tstyle=\"z-index:5;font-family:'Open Sans';text-transform:uppercase;\"\n\t\t\t\t\t\t\t>Garagentore \n\t\t\t\t\t\t\t<\/rs-layer><!--\n\n\t\t\t\t\t\t\t--><rs-layer\n\t\t\t\t\t\t\t\tid=\"slider-41-slide-151-layer-3\" \n\t\t\t\t\t\t\t\tdata-type=\"text\"\n\t\t\t\t\t\t\t\tdata-xy=\"x:c,c,c,l;xo:-452px,-452px,-452px,32px;y:m;yo:183px,183px,183px,239px;\"\n\t\t\t\t\t\t\t\tdata-text=\"w:normal;l:22;a:inherit;\"\n\t\t\t\t\t\t\t\tdata-dim=\"w:485px,485px,485px,649px;\"\n\t\t\t\t\t\t\t\tdata-vbility=\"f,f,f,f\"\n\t\t\t\t\t\t\t\tdata-basealign=\"slide\"\n\t\t\t\t\t\t\t\tdata-rsp_bd=\"off\"\n\t\t\t\t\t\t\t\tdata-frame_0=\"x:-50px;\"\n\t\t\t\t\t\t\t\tdata-frame_1=\"st:500;sp:1000;sR:500;\"\n\t\t\t\t\t\t\t\tdata-frame_999=\"o:0;st:w;sR:2500;\"\n\t\t\t\t\t\t\t\tstyle=\"z-index:7;font-family:'Open Sans';\"\n\t\t\t\t\t\t\t><a itemprop=\"url\" href=\"#\" target=\"_self\" style=\"color: #000000;background-color: #ffffff;border-color: #ffffff;font-size: 15px\" class=\"eltdf-btn eltdf-btn-medium eltdf-btn-solid eltdf-btn-custom-hover-bg eltdf-btn-custom-border-hover eltdf-btn-custom-hover-color\" data-hover-color=\"#ffffff\" data-hover-bg-color=\"#ee9445\" data-hover-border-color=\"#ee9445\" >\n    <span class=\"eltdf-btn-text\">Read more<\/span>\n    <\/a> \n\t\t\t\t\t\t\t<\/rs-layer><!--\n-->\t\t\t\t\t<\/rs-slide>\n\t\t\t\t\t<\/rs-slides>\n\t\t\t\t<\/rs-module>\n\t\t\t\t<script>\n\t\t\t\t\tsetREVStartSize({c: 'rev_slider_41_1',rl:[1240,1240,1240,480],el:[867.997,867.997,867.997,680],gw:[1920,1920,1920,480],gh:[868,868,868,680],type:'standard',justify:'',layout:'fullwidth',mh:\"0\"});if (window.RS_MODULES!==undefined && window.RS_MODULES.modules!==undefined && window.RS_MODULES.modules[\"revslider411\"]!==undefined) {window.RS_MODULES.modules[\"revslider411\"].once = false;window.revapi41 = undefined;if (window.RS_MODULES.checkMinimal!==undefined) window.RS_MODULES.checkMinimal()}\n\t\t\t\t<\/script>\n\t\t\t<\/rs-module-wrap>\n\t\t\t<!-- END REVOLUTION SLIDER -->\n[\/vc_column][\/vc_row][vc_row css=&#8220;.vc_custom_1728466561609{margin-top: 60px !important;}&#8220;][vc_column width=&#8220;1\/6&#8243;][\/vc_column][vc_column width=&#8220;2\/3&#8243;][vc_row_inner][vc_column_inner width=&#8220;1\/2&#8243;][vc_column_text css=&#8220;&#8220;]<\/p>\n<h1>DAS GLEICHGEWICHT ZWISCHEN SCH\u00d6NHEIT UND FUNKTIONALIT\u00c4T<\/h1>\n<p><strong>Design<\/strong> und <strong>Technologie<\/strong> verschmelzen zu L\u00f6sungen, die mit <strong>Raum<\/strong> und Zeit in Dialog treten. Die <strong>Garagentore<\/strong> von <strong>Lifetech<\/strong> stehen f\u00fcr <strong>Qualit\u00e4t und Langlebigkeit<\/strong>: Jedes Element ist so konzipiert, dass es sich stilvoll und harmonisch einf\u00fcgt \u2013 in einer Balance von <strong>Funktionalit\u00e4t und \u00c4sthetik<\/strong>, die dauerhaft \u00fcberzeugt.[\/vc_column_text][\/vc_column_inner][vc_column_inner width=&#8220;1\/2&#8243;][\/vc_column_inner][\/vc_row_inner][\/vc_column][vc_column width=&#8220;1\/6&#8243;][\/vc_column][\/vc_row][vc_row row_content_width=&#8220;grid&#8220; disable_background_image=&#8220;&#8220; simple_background_image=&#8220;5531&#8243; el_class=&#8220;onlydesktop&#8220;][vc_column offset=&#8220;vc_col-lg-3 vc_col-md-12 vc_col-xs-12&#8243;][\/vc_column][vc_column offset=&#8220;vc_col-lg-9 vc_col-md-12 vc_col-xs-12&#8243;]<div class=\"eltdf-elements-holder   eltdf-one-column  eltdf-responsive-mode-768 \" ><div class=\"eltdf-eh-item     \"  data-item-class=\"eltdf-eh-custom-2725\" data-1366-1600=\"206px 0 0 0\" data-1024-1366=\"206px 0 0 0\" data-768-1024=\"206px 10px 0\" data-680-768=\"50px 46px 0\" data-680=\"50px 0 0 0\">\n\t\t<div class=\"eltdf-eh-item-inner\">\n\t\t<div class=\"eltdf-eh-item-content eltdf-eh-custom-2725\" style=\"padding: 206px 0 0 78px\">\n\t\t\t<div class=\"eltdf-image-with-info  eltdf-iwi-layout-content-left eltdf-iwi-content-layout-edge-of-image\">\n\t<div class=\"eltdf-image-with-info-inner\">\n\t\t<div class=\"eltdf-iwi-image\">\n\t\t\t<img loading=\"lazy\" decoding=\"async\" width=\"900\" height=\"600\" src=\"https:\/\/lifetech.ch\/wp-content\/uploads\/2024\/10\/PORTEGARAGE_basculante.jpg\" class=\"attachment-full size-full\" alt=\"PORTE GARAGE - BASCULANTI\" srcset=\"https:\/\/lifetech.ch\/wp-content\/uploads\/2024\/10\/PORTEGARAGE_basculante.jpg 900w, https:\/\/lifetech.ch\/wp-content\/uploads\/2024\/10\/PORTEGARAGE_basculante-300x200.jpg 300w, https:\/\/lifetech.ch\/wp-content\/uploads\/2024\/10\/PORTEGARAGE_basculante-768x512.jpg 768w\" sizes=\"auto, (max-width: 900px) 100vw, 900px\" \/>\t\t\t<div class=\"eltdf-iwi-icons\">\n\t\t\t\t\t\t\t\t\t\t\t\t\t\t<i class=\"eltdf-icon-font-awesome fa  \" ><\/i>\t\t\t\t\t\t\t\t\t\t\t\t<\/div>\n\t\t<\/div>\n\t\t<div class=\"eltdf-iwi-content\">\n\t\t\t\t\t\t\t<span class=\"eltdf-iwi-title\">\n\t\t\t\t\tSCHWINGTORE\t\t\t\t<\/span>\n\t\t\t\t\t\t\t\t\t\t\t\t\t<p class=\"eltdf-iwi-text\">\n\t\t\t\t\tMehr Flexibilit\u00e4t bei Massen und \u00e4sthetischem Design \u2013 mit perfekter Linearit\u00e4t und harmonischer Integration in jeden Kontext.\t\t\t\t<\/p>\n\t\t\t\t\t\t\t\t\t\t<span class=\"eltdf-iwi-button\">\n\t\t\t\t\t<a itemprop=\"url\" href=\"\/de\/porte-basculanti\/\" target=\"_self\"  class=\"eltdf-btn eltdf-btn-small eltdf-btn-outline\"  >    <span class=\"eltdf-btn-text\">Mehr erfahren<\/span>    <\/a>\t\t\t\t<\/span>\n\t\t\t\t\t<\/div>\n\t<\/div>\n<\/div>\t\t<\/div>\n\t<\/div>\n<\/div>\n\n<\/div>[\/vc_column][\/vc_row][vc_row row_content_width=&#8220;grid&#8220; el_class=&#8220;onlymobile&#8220;][vc_column offset=&#8220;vc_col-lg-3 vc_col-md-12 vc_col-xs-12&#8243;][\/vc_column][vc_column offset=&#8220;vc_col-lg-9 vc_col-md-12 vc_col-xs-12&#8243;]<div class=\"eltdf-elements-holder   eltdf-one-column  eltdf-responsive-mode-768 \" ><div class=\"eltdf-eh-item     \"  data-item-class=\"eltdf-eh-custom-7656\" data-1366-1600=\"206px 0 0 0\" data-1024-1366=\"206px 0 0 0\" data-768-1024=\"206px 10px 0\" data-680-768=\"50px 46px 0\" data-680=\"50px 0 0 0\">\n\t\t<div class=\"eltdf-eh-item-inner\">\n\t\t<div class=\"eltdf-eh-item-content eltdf-eh-custom-7656\" style=\"padding: 206px 0 0 78px\">\n\t\t\t[vc_single_image image=&#8220;6365&#8243; img_size=&#8220;full&#8220; css=&#8220;&#8220;]<div class=\"eltdf-image-with-info  eltdf-iwi-layout-content-left eltdf-iwi-content-layout-edge-of-image\">\n\t<div class=\"eltdf-image-with-info-inner\">\n\t\t<div class=\"eltdf-iwi-image\">\n\t\t\t<img loading=\"lazy\" decoding=\"async\" width=\"900\" height=\"600\" src=\"https:\/\/lifetech.ch\/wp-content\/uploads\/2024\/10\/PORTEGARAGE_basculante.jpg\" class=\"attachment-full size-full\" alt=\"PORTE GARAGE - BASCULANTI\" srcset=\"https:\/\/lifetech.ch\/wp-content\/uploads\/2024\/10\/PORTEGARAGE_basculante.jpg 900w, https:\/\/lifetech.ch\/wp-content\/uploads\/2024\/10\/PORTEGARAGE_basculante-300x200.jpg 300w, https:\/\/lifetech.ch\/wp-content\/uploads\/2024\/10\/PORTEGARAGE_basculante-768x512.jpg 768w\" sizes=\"auto, (max-width: 900px) 100vw, 900px\" \/>\t\t\t<div class=\"eltdf-iwi-icons\">\n\t\t\t\t\t\t\t\t\t\t\t\t\t\t<i class=\"eltdf-icon-font-awesome fa  \" ><\/i>\t\t\t\t\t\t\t\t\t\t\t\t<\/div>\n\t\t<\/div>\n\t\t<div class=\"eltdf-iwi-content\">\n\t\t\t\t\t\t\t<span class=\"eltdf-iwi-title\">\n\t\t\t\t\tSCHWINGTORE\t\t\t\t<\/span>\n\t\t\t\t\t\t\t\t\t\t\t\t\t<p class=\"eltdf-iwi-text\">\n\t\t\t\t\tMehr Flexibilit\u00e4t bei Massen und \u00e4sthetischem Design \u2013 mit perfekter Linearit\u00e4t und harmonischer Integration in jeden Kontext.\t\t\t\t<\/p>\n\t\t\t\t\t\t\t\t\t\t<span class=\"eltdf-iwi-button\">\n\t\t\t\t\t<a itemprop=\"url\" href=\"\/de\/porte-basculanti\/\" target=\"_self\"  class=\"eltdf-btn eltdf-btn-small eltdf-btn-outline\"  >    <span class=\"eltdf-btn-text\">Mehr erfahren<\/span>    <\/a>\t\t\t\t<\/span>\n\t\t\t\t\t<\/div>\n\t<\/div>\n<\/div>\t\t<\/div>\n\t<\/div>\n<\/div>\n\n<\/div>[\/vc_column][\/vc_row][vc_row row_content_width=&#8220;grid&#8220; disable_background_image=&#8220;&#8220; css=&#8220;.vc_custom_1743431661820{padding-bottom: 95px !important;background-position: center !important;background-repeat: no-repeat !important;background-size: cover !important;}&#8220; simple_background_image=&#8220;5529&#8243; el_class=&#8220;onlydesktop&#8220;][vc_column offset=&#8220;vc_col-lg-9 vc_col-md-12 vc_col-xs-12&#8243;]<div class=\"eltdf-elements-holder   eltdf-one-column  eltdf-responsive-mode-768 \" ><div class=\"eltdf-eh-item     \"  data-item-class=\"eltdf-eh-custom-5625\" data-1366-1600=\"170px 0 0 0\" data-1024-1366=\"170px 0 0 0\" data-768-1024=\"170px 10px 0\" data-680-768=\"50px 46px 0\" data-680=\"50px 0 0 0\">\n\t\t<div class=\"eltdf-eh-item-inner\">\n\t\t<div class=\"eltdf-eh-item-content eltdf-eh-custom-5625\" style=\"padding: 170px 77px 0 0\">\n\t\t\t<div class=\"eltdf-image-with-info  eltdf-iwi-layout-content-right eltdf-iwi-content-layout-over-image\">\n\t<div class=\"eltdf-image-with-info-inner\">\n\t\t<div class=\"eltdf-iwi-image\">\n\t\t\t<img loading=\"lazy\" decoding=\"async\" width=\"900\" height=\"600\" src=\"https:\/\/lifetech.ch\/wp-content\/uploads\/2024\/11\/PORTEGARAGE_scorrevoli_OK.png\" class=\"attachment-full size-full\" alt=\"\" srcset=\"https:\/\/lifetech.ch\/wp-content\/uploads\/2024\/11\/PORTEGARAGE_scorrevoli_OK.png 900w, https:\/\/lifetech.ch\/wp-content\/uploads\/2024\/11\/PORTEGARAGE_scorrevoli_OK-300x200.png 300w, https:\/\/lifetech.ch\/wp-content\/uploads\/2024\/11\/PORTEGARAGE_scorrevoli_OK-768x512.png 768w\" sizes=\"auto, (max-width: 900px) 100vw, 900px\" \/>\t\t\t<div class=\"eltdf-iwi-icons\">\n\t\t\t\t\t\t\t\t\t\t\t\t\t\t<i class=\"eltdf-icon-font-awesome fa  \" ><\/i>\t\t\t\t\t\t\t\t\t\t\t\t<\/div>\n\t\t<\/div>\n\t\t<div class=\"eltdf-iwi-content\">\n\t\t\t\t\t\t\t<span class=\"eltdf-iwi-title\">\n\t\t\t\t\tSCHIEBETORE\t\t\t\t<\/span>\n\t\t\t\t\t\t\t\t\t\t\t\t\t<p class=\"eltdf-iwi-text\">\n\t\t\t\t\tKompaktes Design, geringer Platzbedarf und maximale Vielseitigkeit \u2013 ideal f\u00fcr jede Raumsituation.\t\t\t\t<\/p>\n\t\t\t\t\t\t\t\t\t\t<span class=\"eltdf-iwi-button\">\n\t\t\t\t\t<a itemprop=\"url\" href=\"\/de\/porte-scorrevoli\/\" target=\"_self\"  class=\"eltdf-btn eltdf-btn-small eltdf-btn-outline\"  >    <span class=\"eltdf-btn-text\">Mehr erfahren<\/span>    <\/a>\t\t\t\t<\/span>\n\t\t\t\t\t<\/div>\n\t<\/div>\n<\/div>\t\t<\/div>\n\t<\/div>\n<\/div>\n\n<\/div>[\/vc_column][vc_column width=&#8220;1\/4&#8243;][\/vc_column][\/vc_row][vc_row row_content_width=&#8220;grid&#8220; css=&#8220;.vc_custom_1743431790519{padding-bottom: 95px !important;background-position: center !important;background-repeat: no-repeat !important;background-size: cover !important;}&#8220; el_class=&#8220;onlymobile&#8220;][vc_column offset=&#8220;vc_col-lg-3 vc_col-md-12 vc_col-xs-12&#8243;][\/vc_column][vc_column offset=&#8220;vc_col-lg-9 vc_col-md-12 vc_col-xs-12&#8243;]<div class=\"eltdf-elements-holder   eltdf-one-column  eltdf-responsive-mode-768 \" ><div class=\"eltdf-eh-item     \"  data-item-class=\"eltdf-eh-custom-6790\" data-1366-1600=\"170px 0 0 0\" data-1024-1366=\"170px 0 0 0\" data-768-1024=\"170px 10px 0\" data-680-768=\"50px 46px 0\" data-680=\"50px 0 0 0\">\n\t\t<div class=\"eltdf-eh-item-inner\">\n\t\t<div class=\"eltdf-eh-item-content eltdf-eh-custom-6790\" style=\"padding: 170px 77px 0 0\">\n\t\t\t[vc_single_image image=&#8220;6367&#8243; img_size=&#8220;full&#8220; css=&#8220;&#8220;]<div class=\"eltdf-image-with-info  eltdf-iwi-layout-content-right eltdf-iwi-content-layout-over-image\">\n\t<div class=\"eltdf-image-with-info-inner\">\n\t\t<div class=\"eltdf-iwi-image\">\n\t\t\t<img loading=\"lazy\" decoding=\"async\" width=\"900\" height=\"600\" src=\"https:\/\/lifetech.ch\/wp-content\/uploads\/2024\/11\/PORTEGARAGE_scorrevoli_OK.png\" class=\"attachment-full size-full\" alt=\"\" srcset=\"https:\/\/lifetech.ch\/wp-content\/uploads\/2024\/11\/PORTEGARAGE_scorrevoli_OK.png 900w, https:\/\/lifetech.ch\/wp-content\/uploads\/2024\/11\/PORTEGARAGE_scorrevoli_OK-300x200.png 300w, https:\/\/lifetech.ch\/wp-content\/uploads\/2024\/11\/PORTEGARAGE_scorrevoli_OK-768x512.png 768w\" sizes=\"auto, (max-width: 900px) 100vw, 900px\" \/>\t\t\t<div class=\"eltdf-iwi-icons\">\n\t\t\t\t\t\t\t\t\t\t\t\t\t\t<i class=\"eltdf-icon-font-awesome fa  \" ><\/i>\t\t\t\t\t\t\t\t\t\t\t\t<\/div>\n\t\t<\/div>\n\t\t<div class=\"eltdf-iwi-content\">\n\t\t\t\t\t\t\t<span class=\"eltdf-iwi-title\">\n\t\t\t\t\tSCHIEBETORE\t\t\t\t<\/span>\n\t\t\t\t\t\t\t\t\t\t\t\t\t<p class=\"eltdf-iwi-text\">\n\t\t\t\t\tKompaktes Design, geringer Platzbedarf und maximale Vielseitigkeit \u2013 ideal f\u00fcr jede Raumsituation.\t\t\t\t<\/p>\n\t\t\t\t\t\t\t\t\t\t<span class=\"eltdf-iwi-button\">\n\t\t\t\t\t<a itemprop=\"url\" href=\"\/de\/porte-scorrevoli\/\" target=\"_self\"  class=\"eltdf-btn eltdf-btn-small eltdf-btn-outline\"  >    <span class=\"eltdf-btn-text\">Mehr erfahren<\/span>    <\/a>\t\t\t\t<\/span>\n\t\t\t\t\t<\/div>\n\t<\/div>\n<\/div>\t\t<\/div>\n\t<\/div>\n<\/div>\n\n<\/div>[\/vc_column][\/vc_row][vc_row row_content_width=&#8220;grid&#8220; disable_background_image=&#8220;&#8220; simple_background_image=&#8220;5799&#8243; el_class=&#8220;onlydesktop&#8220;][vc_column offset=&#8220;vc_col-lg-3 vc_col-md-12 vc_col-xs-12&#8243;][\/vc_column][vc_column offset=&#8220;vc_col-lg-9 vc_col-md-12 vc_col-xs-12&#8243;]<div class=\"eltdf-elements-holder   eltdf-one-column  eltdf-responsive-mode-768 \" ><div class=\"eltdf-eh-item     \"  data-item-class=\"eltdf-eh-custom-1714\" data-1366-1600=\"206px 0 0 0\" data-1024-1366=\"206px 0 0 0\" data-768-1024=\"206px 10px 0\" data-680-768=\"50px 46px 0\" data-680=\"50px 0 0 0\">\n\t\t<div class=\"eltdf-eh-item-inner\">\n\t\t<div class=\"eltdf-eh-item-content eltdf-eh-custom-1714\" style=\"padding: 206px 0 0 78px\">\n\t\t\t<div class=\"eltdf-image-with-info  eltdf-iwi-layout-content-left eltdf-iwi-content-layout-edge-of-image\">\n\t<div class=\"eltdf-image-with-info-inner\">\n\t\t<div class=\"eltdf-iwi-image\">\n\t\t\t<img loading=\"lazy\" decoding=\"async\" width=\"900\" height=\"600\" src=\"https:\/\/lifetech.ch\/wp-content\/uploads\/2025\/02\/PORTEGARAGE_sezionale_OK2.png\" class=\"attachment-full size-full\" alt=\"\" srcset=\"https:\/\/lifetech.ch\/wp-content\/uploads\/2025\/02\/PORTEGARAGE_sezionale_OK2.png 900w, https:\/\/lifetech.ch\/wp-content\/uploads\/2025\/02\/PORTEGARAGE_sezionale_OK2-300x200.png 300w, https:\/\/lifetech.ch\/wp-content\/uploads\/2025\/02\/PORTEGARAGE_sezionale_OK2-768x512.png 768w\" sizes=\"auto, (max-width: 900px) 100vw, 900px\" \/>\t\t\t<div class=\"eltdf-iwi-icons\">\n\t\t\t\t\t\t\t\t\t\t\t\t\t\t<i class=\"eltdf-icon-font-awesome fa  \" ><\/i>\t\t\t\t\t\t\t\t\t\t\t\t<\/div>\n\t\t<\/div>\n\t\t<div class=\"eltdf-iwi-content\">\n\t\t\t\t\t\t\t<span class=\"eltdf-iwi-title\">\n\t\t\t\t\tSEKTIONALTORE\t\t\t\t<\/span>\n\t\t\t\t\t\t\t\t\t\t\t\t\t<p class=\"eltdf-iwi-text\">\n\t\t\t\t\tWo Standards \u00fcbertroffen werden und technisches Know-how auf die h\u00f6chste Funktionalit\u00e4t trifft.\t\t\t\t<\/p>\n\t\t\t\t\t\t\t\t\t\t<span class=\"eltdf-iwi-button\">\n\t\t\t\t\t<a itemprop=\"url\" href=\"\/de\/porte-sezionali\/\" target=\"_self\"  class=\"eltdf-btn eltdf-btn-small eltdf-btn-outline\"  >    <span class=\"eltdf-btn-text\">Mehr erfahren<\/span>    <\/a>\t\t\t\t<\/span>\n\t\t\t\t\t<\/div>\n\t<\/div>\n<\/div>\t\t<\/div>\n\t<\/div>\n<\/div>\n\n<\/div>[\/vc_column][\/vc_row][vc_row row_content_width=&#8220;grid&#8220; el_class=&#8220;onlymobile&#8220;][vc_column offset=&#8220;vc_col-lg-3 vc_col-md-12 vc_col-xs-12&#8243;][\/vc_column][vc_column offset=&#8220;vc_col-lg-9 vc_col-md-12 vc_col-xs-12&#8243;]<div class=\"eltdf-elements-holder   eltdf-one-column  eltdf-responsive-mode-768 \" ><div class=\"eltdf-eh-item     \"  data-item-class=\"eltdf-eh-custom-7788\" data-1366-1600=\"206px 0 0 0\" data-1024-1366=\"206px 0 0 0\" data-768-1024=\"206px 10px 0\" data-680-768=\"50px 46px 0\" data-680=\"50px 0 0 0\">\n\t\t<div class=\"eltdf-eh-item-inner\">\n\t\t<div class=\"eltdf-eh-item-content eltdf-eh-custom-7788\" style=\"padding: 206px 0 0 78px\">\n\t\t\t[vc_single_image image=&#8220;6369&#8243; img_size=&#8220;full&#8220; css=&#8220;&#8220;]<div class=\"eltdf-image-with-info  eltdf-iwi-layout-content-left eltdf-iwi-content-layout-edge-of-image\">\n\t<div class=\"eltdf-image-with-info-inner\">\n\t\t<div class=\"eltdf-iwi-image\">\n\t\t\t<img loading=\"lazy\" decoding=\"async\" width=\"900\" height=\"600\" src=\"https:\/\/lifetech.ch\/wp-content\/uploads\/2025\/02\/PORTEGARAGE_sezionale_OK2.png\" class=\"attachment-full size-full\" alt=\"\" srcset=\"https:\/\/lifetech.ch\/wp-content\/uploads\/2025\/02\/PORTEGARAGE_sezionale_OK2.png 900w, https:\/\/lifetech.ch\/wp-content\/uploads\/2025\/02\/PORTEGARAGE_sezionale_OK2-300x200.png 300w, https:\/\/lifetech.ch\/wp-content\/uploads\/2025\/02\/PORTEGARAGE_sezionale_OK2-768x512.png 768w\" sizes=\"auto, (max-width: 900px) 100vw, 900px\" \/>\t\t\t<div class=\"eltdf-iwi-icons\">\n\t\t\t\t\t\t\t\t\t\t\t\t\t\t<i class=\"eltdf-icon-font-awesome fa  \" ><\/i>\t\t\t\t\t\t\t\t\t\t\t\t<\/div>\n\t\t<\/div>\n\t\t<div class=\"eltdf-iwi-content\">\n\t\t\t\t\t\t\t<span class=\"eltdf-iwi-title\">\n\t\t\t\t\tSEKTIONALTORE\t\t\t\t<\/span>\n\t\t\t\t\t\t\t\t\t\t\t\t\t<p class=\"eltdf-iwi-text\">\n\t\t\t\t\tWo Standards \u00fcbertroffen werden und technisches Know-how auf die h\u00f6chste Funktionalit\u00e4t trifft.\t\t\t\t<\/p>\n\t\t\t\t\t\t\t\t\t\t<span class=\"eltdf-iwi-button\">\n\t\t\t\t\t<a itemprop=\"url\" href=\"\/de\/porte-sezionali\/\" target=\"_self\"  class=\"eltdf-btn eltdf-btn-small eltdf-btn-outline\"  >    <span class=\"eltdf-btn-text\">Mehr erfahren<\/span>    <\/a>\t\t\t\t<\/span>\n\t\t\t\t\t<\/div>\n\t<\/div>\n<\/div>\t\t<\/div>\n\t<\/div>\n<\/div>\n\n<\/div>[\/vc_column][\/vc_row]<\/p>\n<\/div>","protected":false},"excerpt":{"rendered":"<p>[vc_row el_id=&#8220;eltdf-main-rev-slider&#8220;][vc_column][\/vc_column][\/vc_row][vc_row css=&#8220;.vc_custom_1728466561609{margin-top: 60px !important;}&#8220;][vc_column width=&#8220;1\/6&#8243;][\/vc_column][vc_column width=&#8220;2\/3&#8243;][vc_row_inner][vc_column_inner width=&#8220;1\/2&#8243;][vc_column_text css=&#8220;&#8220;] DAS GLEICHGEWICHT ZWISCHEN SCH\u00d6NHEIT UND FUNKTIONALIT\u00c4T Design und Technologie verschmelzen zu L\u00f6sungen, die mit Raum und Zeit in Dialog treten. Die Garagentore von Lifetech stehen f\u00fcr Qualit\u00e4t und Langlebigkeit: Jedes Element [&hellip;]<\/p>\n","protected":false},"author":1,"featured_media":0,"parent":0,"menu_order":0,"comment_status":"closed","ping_status":"closed","template":"full-width.php","meta":{"footnotes":""},"class_list":["post-7541","page","type-page","status-publish","hentry"],"_links":{"self":[{"href":"https:\/\/lifetech.ch\/de\/wp-json\/wp\/v2\/pages\/7541","targetHints":{"allow":["GET"]}}],"collection":[{"href":"https:\/\/lifetech.ch\/de\/wp-json\/wp\/v2\/pages"}],"about":[{"href":"https:\/\/lifetech.ch\/de\/wp-json\/wp\/v2\/types\/page"}],"author":[{"embeddable":true,"href":"https:\/\/lifetech.ch\/de\/wp-json\/wp\/v2\/users\/1"}],"replies":[{"embeddable":true,"href":"https:\/\/lifetech.ch\/de\/wp-json\/wp\/v2\/comments?post=7541"}],"version-history":[{"count":7,"href":"https:\/\/lifetech.ch\/de\/wp-json\/wp\/v2\/pages\/7541\/revisions"}],"predecessor-version":[{"id":7666,"href":"https:\/\/lifetech.ch\/de\/wp-json\/wp\/v2\/pages\/7541\/revisions\/7666"}],"wp:attachment":[{"href":"https:\/\/lifetech.ch\/de\/wp-json\/wp\/v2\/media?parent=7541"}],"curies":[{"name":"wp","href":"https:\/\/api.w.org\/{rel}","templated":true}]}}