{"id":7518,"date":"2025-03-04T11:11:25","date_gmt":"2025-03-04T11:11:25","guid":{"rendered":"https:\/\/lifetech.ch\/lavora-con-noi\/"},"modified":"2025-12-04T14:36:13","modified_gmt":"2025-12-04T14:36:13","slug":"mit-uns-arbeiten","status":"publish","type":"page","link":"https:\/\/lifetech.ch\/de\/mit-uns-arbeiten\/","title":{"rendered":"Mit Uns Arbeiten"},"content":{"rendered":"<div class=\"wpb-content-wrapper\"><p>[vc_row full_width=&#8220;stretch_row&#8220; css=&#8220;.vc_custom_1741088164906{border-bottom-width: 0px !important;padding-bottom: 40px !important;background-color: #FFFFFF !important;border-bottom-style: solid !important;border-color: #000000 !important;}&#8220;][vc_column width=&#8220;1\/6&#8243;][\/vc_column][vc_column width=&#8220;1\/3&#8243;][vc_column_text css=&#8220;&#8220;]Lifetech ist ein familiengef\u00fchrtes Unternehmen mit 20 Jahren Erfahrung in der Herstellung von Garagentoren, Toranlagen, Automatisierungen und Metallkonstruktionen. Mit Sitz in Bioggio (Lugano &#8211; Schweiz) zeichnet sich das Unternehmen durch h\u00f6chste Qualit\u00e4t seiner Projekte und Liebe zum Detail in jeder Phase aus \u2013 von der Beratung \u00fcber die Fertigung bis zur Montage. Unser Ruf basiert auf Zuverl\u00e4ssigkeit und einer sorgf\u00e4ltigen Aufmerksamkeit f\u00fcr jedes Element im Produktionsprozess.[\/vc_column_text][\/vc_column][vc_column width=&#8220;1\/3&#8243;][vc_column_text css=&#8220;&#8220;]Teil von Lifetech zu werden bedeutet, Teil eines leidenschaftlichen und innovativen Teams zu sein, das sich daf\u00fcr einsetzt, massgeschneiderte Produkte in h\u00f6chster Qualit\u00e4t zu liefern. Wenn Sie unsere Vision teilen und \u00fcber die erforderlichen F\u00e4higkeiten verf\u00fcgen, senden Sie uns Ihren Lebenslauf und ein Motivationsschreiben.\u00a0Wir freuen uns darauf, motivierte Pers\u00f6nlichkeiten kennenzulernen, die gemeinsam mit uns wachsen m\u00f6chten.[\/vc_column_text][\/vc_column][vc_column width=&#8220;1\/6&#8243;][\/vc_column][\/vc_row][vc_row css_animation=&#8220;left-to-right&#8220; css=&#8220;.vc_custom_1741088231944{margin-top: 50px !important;}&#8220;][vc_column width=&#8220;1\/6&#8243;][\/vc_column][vc_column css_animation=&#8220;bounceInLeft&#8220; width=&#8220;2\/3&#8243; css=&#8220;.vc_custom_1741087924567{border-top-width: 1px !important;border-top-style: solid !important;border-color: #878787 !important;}&#8220;][vc_row_inner][vc_column_inner width=&#8220;1\/6&#8243;][\/vc_column_inner][vc_column_inner width=&#8220;2\/3&#8243; css=&#8220;.vc_custom_1741088277088{padding-top: 20px !important;}&#8220;][vc_custom_heading text=&#8220;OFFENE STELLEN BEI LIFETECH&#8220; font_container=&#8220;tag:h1|font_size:19px|text_align:center&#8220; use_theme_fonts=&#8220;yes&#8220; css=&#8220;&#8220;][vc_empty_space]<div class=\"eltdf-accordion-holder eltdf-ac-default  eltdf-accordion eltdf-ac-boxed  clearfix\">\n\t<h5 class=\"eltdf-accordion-title\">\n    <span class=\"eltdf-accordion-mark\">\n\t\t<span class=\"eltdf_icon_plus icon_plus\"><\/span>\n\t\t<span class=\"eltdf_icon_minus icon_minus-06\"><\/span>\n\t<\/span>\n\t<span class=\"eltdf-tab-title\">VERANTWORTLICHER METALL &amp; GLAS<\/span>\n<\/h5>\n<div class=\"eltdf-accordion-content\">\n\t<div class=\"eltdf-accordion-content-inner\">\n\t\t[vc_column_text css=&#8220;&#8220;]<strong>Branche: <\/strong>Planung und Herstellung von Metallbauarbeiten im Allgemeinen.[\/vc_column_text][vc_column_text css=&#8220;&#8220;]<strong>Arbeitsort: <\/strong>Lifetech SA, Via Industria 17, Zone 4b, 6934 Bioggio (CH)[\/vc_column_text][vc_column_text css=&#8220;&#8220;]<strong>Position und Verantwortlichkeiten:<\/strong><\/p>\n<ul>\n<li>Leitung des Bereichs Metall &amp; Glas<\/li>\n<li>Berechnung von Angeboten<\/li>\n<li>Akquise<\/li>\n<li>Projektmanagement von der Angebotsabgabe \u00fcber Planung, Produktion bis hin zur Montage<\/li>\n<li>Kostenanalyse f\u00fcr Entwicklung, Produktion und Montage zur Gew\u00e4hrleistung der wirtschaftlichen Effizienz<\/li>\n<li>Enge Zusammenarbeit mit dem Produktionsteam, um die Konsistenz zwischen Projekt und Ausf\u00fchrung zu gew\u00e4hrleisten<\/li>\n<li>Planung der Lifetech-Produkte in \u00dcbereinstimmung mit den geltenden Normen, Standards und Richtlinien<\/li>\n<\/ul>\n<p>[\/vc_column_text][vc_column_text css=&#8220;&#8220;]<strong>Anforderungen:<\/strong><\/p>\n<ul>\n<li>Abgeschlossene Ausbildung als Metallbauer oder gleichwertige Qualifikation, vorzugsweise mit eidgen\u00f6ssischem Fachausweis<\/li>\n<li>Nachgewiesene Erfahrung in der Branche<\/li>\n<li>Sehr gute Kenntnisse in CAD 2D\/3D, bevorzugt Inventor 3D<\/li>\n<li>Sehr gute mechanische Kenntnisse<\/li>\n<li>Kenntnisse der Sicherheitsvorschriften<\/li>\n<li>Sehr gute zwischenmenschliche F\u00e4higkeiten<\/li>\n<li>Zielorientierung<\/li>\n<li>Ausgepr\u00e4gte Dynamik, Unabh\u00e4ngigkeit, Eigeninitiative, Begeisterung und Kreativit\u00e4t<\/li>\n<li>Bereitschaft zur pers\u00f6nlichen Weiterentwicklung im Unternehmen<\/li>\n<li>Offenheit f\u00fcr neue Ideen und Ans\u00e4tze durch interdisziplin\u00e4re Diskussionen<\/li>\n<li>Gute Italienisch-, Deutsch- und\/oder Englischkenntnisse in Wort und Schrift<\/li>\n<\/ul>\n<p>[\/vc_column_text][vc_column_text css=&#8220;&#8220;]<strong>Beginn der T\u00e4tigkeit:<\/strong><\/p>\n<p>Nach Vereinbarung, unbefristeter Vertrag[\/vc_column_text][vc_btn title=&#8220;Bewerbung einreichen&#8220; shape=&#8220;square&#8220; color=&#8220;black&#8220; align=&#8220;left&#8220; css=&#8220;.vc_custom_1761830668949{margin-top: 15px !important;margin-bottom: 15px !important;}&#8220; link=&#8220;url:mailto%3Ainfo%40lifetech.swiss%3Fsubject%3DLavora%20con%20noi%20VERANTWORTLICHER%20METALL%20%26%20GLAS&#8220; el_class=&#8220;mailto-btn&#8220;][vc_column_text css=&#8220;&#8220;]<input id=\"choice_4_12_1\" class=\"gfield-choice-input\" name=\"input_12.1\" type=\"checkbox\" value=\"Ich erkl\u00e4re, dass ich die &lt;a href=&quot;https:\/\/lifetech.ch\/dichiarazione-sulla-privacy-ue\/&quot; style=&quot;font-weight:800;color:white&quot; target=&quot;_blank&quot;&gt;Datenschutzerkl\u00e4rung&lt;\/a&gt; gelesen habe und akzeptiere.\" data-gtm-form-interact-field-id=\"0\" \/>Ich habe die <a style=\"font-weight: 800;\" href=\"https:\/\/lifetech.ch\/de\/informationsblatt-bewerber\/\" target=\"_blank\" rel=\"noopener\">Datenschutzerkl\u00e4rung<\/a> gelesen und stimme der Verarbeitung meiner personenbezogenen Daten f\u00fcr Marketingzwecke zu.[\/vc_column_text]\t<\/div>\n<\/div><h5 class=\"eltdf-accordion-title\">\n    <span class=\"eltdf-accordion-mark\">\n\t\t<span class=\"eltdf_icon_plus icon_plus\"><\/span>\n\t\t<span class=\"eltdf_icon_minus icon_minus-06\"><\/span>\n\t<\/span>\n\t<span class=\"eltdf-tab-title\">VERWALTUNGSASSISTENTIN<\/span>\n<\/h5>\n<div class=\"eltdf-accordion-content\">\n\t<div class=\"eltdf-accordion-content-inner\">\n\t\t[vc_column_text css=&#8220;&#8220;]<strong>Branche:<\/strong> Garagentore, Tore, automatische T\u00fcren, Antriebe[\/vc_column_text][vc_column_text css=&#8220;&#8220;]<strong>Arbeitsort:<\/strong> Lifetech SA, Via Industria 17, Zone 4b, 6934 Bioggio (CH)[\/vc_column_text][vc_column_text css=&#8220;&#8220;]<strong>Position und Verantwortungsbereiche:<\/strong><\/p>\n<ul>\n<li>Verwaltung der Rechnungsstellung<\/li>\n<li>Ablage von Dokumenten<\/li>\n<li>Buchhaltung (inkl. Erfassung der Buchungen, t\u00e4gliche Verbuchung von Bank- und Lieferantenbewegungen)<\/li>\n<li>Probleml\u00f6sungsf\u00e4higkeiten<\/li>\n<li>Verwaltung der t\u00e4glichen und monatlichen Arbeitsstunden der Mitarbeitenden<\/li>\n<li>Backoffice-T\u00e4tigkeiten<\/li>\n<li>Bearbeitung der Korrespondenz in verschiedenen Sprachen (Italienisch, Deutsch, Englisch)<\/li>\n<\/ul>\n<p>[\/vc_column_text][vc_column_text css=&#8220;&#8220;]<strong>Anforderungsprofil:<\/strong><\/p>\n<ul>\n<li>Abschluss als Kauffrau EFZ oder gleichwertige Ausbildung<\/li>\n<li>Nachgewiesene Berufserfahrung in der Branche<\/li>\n<li>Ausgepr\u00e4gte zwischenmenschliche F\u00e4higkeiten<\/li>\n<li>Sehr gute IT-Kenntnisse (Microsoft Office, SAP Business One)<\/li>\n<li>Selbstst\u00e4ndigkeit, Eigeninitiative, Verantwortungsbewusstsein, Begeisterung und Kreativit\u00e4t<\/li>\n<li>Bereitschaft zur internen Weiterentwicklung im Unternehmen<\/li>\n<li>Gute Italienisch-, Deutsch- und\/oder Englischkenntnisse in Wort und Schrift<\/li>\n<\/ul>\n<p>[\/vc_column_text][vc_column_text css=&#8220;&#8220;]<strong>Beginn der T\u00e4tigkeit:<\/strong><\/p>\n<p>Nach Vereinbarung, unbefristeter Vertrag[\/vc_column_text][vc_btn title=&#8220;Bewerbung einreichen&#8220; shape=&#8220;square&#8220; color=&#8220;black&#8220; align=&#8220;left&#8220; css=&#8220;.vc_custom_1761830660803{margin-top: 15px !important;margin-bottom: 15px !important;}&#8220; link=&#8220;url:mailto%3Ainfo%40lifetech.swiss%3Fsubject%3DLavora%20con%20noi%20VERWALTUNGSASSISTENTIN&#8220; el_class=&#8220;mailto-btn&#8220;][vc_column_text css=&#8220;&#8220;]<input id=\"choice_4_12_2\" class=\"gfield-choice-input\" name=\"input_12.1\" type=\"checkbox\" value=\"Ich erkl\u00e4re, dass ich die &lt;a href=&quot;https:\/\/lifetech.ch\/dichiarazione-sulla-privacy-ue\/&quot; style=&quot;font-weight:800;color:white&quot; target=&quot;_blank&quot;&gt;Datenschutzerkl\u00e4rung&lt;\/a&gt; gelesen habe und akzeptiere.\" data-gtm-form-interact-field-id=\"0\" \/>Ich habe die <a style=\"font-weight: 800;\" href=\"https:\/\/lifetech.ch\/de\/informationsblatt-bewerber\/\" target=\"_blank\" rel=\"noopener\">Datenschutzerkl\u00e4rung<\/a> gelesen und stimme der Verarbeitung meiner personenbezogenen Daten f\u00fcr Marketingzwecke zu.[\/vc_column_text]\t<\/div>\n<\/div><h5 class=\"eltdf-accordion-title\">\n    <span class=\"eltdf-accordion-mark\">\n\t\t<span class=\"eltdf_icon_plus icon_plus\"><\/span>\n\t\t<span class=\"eltdf_icon_minus icon_minus-06\"><\/span>\n\t<\/span>\n\t<span class=\"eltdf-tab-title\">Metallbaukonstrukteur<\/span>\n<\/h5>\n<div class=\"eltdf-accordion-content\">\n\t<div class=\"eltdf-accordion-content-inner\">\n\t\t[vc_column_text css=&#8220;&#8220;]<strong>Branche:<\/strong> Planung und Herstellung von Garagentoren, Toranlagen und Metallkonstruktionen aller Art.[\/vc_column_text][vc_column_text css=&#8220;&#8220;]<strong>Arbeitsort:<\/strong> Lifetech SA, Via Industria 17, Zone 4b, 6934 Bioggio (CH)[\/vc_column_text][vc_column_text css=&#8220;&#8220;]<strong>Position und Verantwortlichkeiten:<\/strong><\/p>\n<ul>\n<li>Entwicklung und Design von individuell angefertigten Garagentoren und Toranlagen<\/li>\n<li>Allgemeiner Metallbau<\/li>\n<li>Auftragsmanagement: von der Produktion bis zur Montage<\/li>\n<li>Kostenanalyse f\u00fcr Entwicklung, Produktion und Montage zur Sicherstellung der wirtschaftlichen Effizienz<\/li>\n<li>Enge Zusammenarbeit mit dem Produktionsteam, um die \u00dcbereinstimmung zwischen Planung und Umsetzung sicherzustellen<\/li>\n<li>Konstruktion der Lifetech-Produkte gem\u00e4ss den geltenden Normen, Standards und Richtlinien<\/li>\n<\/ul>\n<p>[\/vc_column_text][vc_column_text css=&#8220;&#8220;]<strong>Anforderungen:<\/strong><\/p>\n<ul>\n<li>Abgeschlossene Berufsausbildung (EFZ) oder gleichwertiger Abschluss<\/li>\n<li>Nachgewiesene Erfahrung in der Branche<\/li>\n<li>Sehr gute Kenntnisse in aktueller 2D\/3D-CAD-Software, idealerweise Inventor 3D<\/li>\n<li>Fundiertes mechanisches Fachwissen<\/li>\n<li>Kenntniss der Sicherheitsvorschriften<\/li>\n<li>Ausgepr\u00e4gte soziale Kompetenzen<\/li>\n<li>Hohes Mass an Eigeninitiative, Selbstst\u00e4ndigkeit, Dynamik, Begeisterung und Kreativit\u00e4t<\/li>\n<li>Bereitschaft zur pers\u00f6nlichen Weiterentwicklung innerhalb des Unternehmens<\/li>\n<li>Offenheit f\u00fcr neue Ideen und Ans\u00e4tze durch interdisziplin\u00e4re Zusammenarbeit<\/li>\n<li>Gute Italienisch-, Deutsch- und\/oder Englischkenntnisse in Wort und Schrift<\/li>\n<\/ul>\n<p>[\/vc_column_text][vc_column_text css=&#8220;&#8220;]<strong>Beginn der T\u00e4tigkeit:<\/strong><\/p>\n<p>Nach Vereinbarung, unbefristeter Vertrag[\/vc_column_text][vc_btn title=&#8220;Bewerbung einreichen&#8220; shape=&#8220;square&#8220; color=&#8220;black&#8220; align=&#8220;left&#8220; css=&#8220;.vc_custom_1761830652228{margin-top: 15px !important;margin-bottom: 15px !important;}&#8220; link=&#8220;url:mailto%3Ainfo%40lifetech.swiss%3Fsubject%3DLavora%20con%20noi%20Metallbaukonstrukteur&#8220; el_class=&#8220;mailto-btn&#8220;][vc_column_text css=&#8220;&#8220;]<input id=\"choice_4_12_3\" class=\"gfield-choice-input\" name=\"input_12.1\" type=\"checkbox\" value=\"Ich erkl\u00e4re, dass ich die &lt;a href=&quot;https:\/\/lifetech.ch\/dichiarazione-sulla-privacy-ue\/&quot; style=&quot;font-weight:800;color:white&quot; target=&quot;_blank&quot;&gt;Datenschutzerkl\u00e4rung&lt;\/a&gt; gelesen habe und akzeptiere.\" data-gtm-form-interact-field-id=\"0\" \/>Ich habe die <a style=\"font-weight: 800;\" href=\"https:\/\/lifetech.ch\/de\/informationsblatt-bewerber\/\" target=\"_blank\" rel=\"noopener\">Datenschutzerkl\u00e4rung<\/a> gelesen und stimme der Verarbeitung meiner personenbezogenen Daten f\u00fcr Marketingzwecke zu.[\/vc_column_text]\t<\/div>\n<\/div><h5 class=\"eltdf-accordion-title\">\n    <span class=\"eltdf-accordion-mark\">\n\t\t<span class=\"eltdf_icon_plus icon_plus\"><\/span>\n\t\t<span class=\"eltdf_icon_minus icon_minus-06\"><\/span>\n\t<\/span>\n\t<span class=\"eltdf-tab-title\">METALLBAUER UND -MONTEUR<\/span>\n<\/h5>\n<div class=\"eltdf-accordion-content\">\n\t<div class=\"eltdf-accordion-content-inner\">\n\t\t[vc_column_text css=&#8220;&#8220;]<strong>Branche: <\/strong>Garagentore, Tore, automatische T\u00fcren, Automationen und Metallbau im Allgemeinen.[\/vc_column_text][vc_column_text css=&#8220;&#8220;]<strong>Arbeitsort: <\/strong>Lifetech SA, Via Industria 17, Zone 4b, 6934 Bioggio (CH)[\/vc_column_text][vc_column_text css=&#8220;&#8220;]<strong>Position und Verantwortlichkeiten:<\/strong><\/p>\n<ul>\n<li>Montage von Garagentoren, Toren, automatischen T\u00fcren, Automationen und Metallbauarbeiten<\/li>\n<li>Allgemeine Reparaturen<\/li>\n<li>Projektmanagement bis zur Fertigstellung und \u00dcbergabe<\/li>\n<li>Enge Zusammenarbeit mit dem B\u00fcro- und Produktionsteam, um die Konsistenz zwischen Projekt und Ausf\u00fchrung zu gew\u00e4hrleisten<\/li>\n<\/ul>\n<p>[\/vc_column_text][vc_column_text css=&#8220;&#8220;]<strong>Anforderungen:<\/strong><\/p>\n<ul>\n<li>Eidgen\u00f6ssisches F\u00e4higkeitszeugnis (EFZ) oder gleichwertige Qualifikation<\/li>\n<li>Nachgewiesene Erfahrung in der Branche<\/li>\n<li>Sehr gute Lesef\u00e4higkeit von technischen Zeichnungen<\/li>\n<li>Ausgezeichnete mechanische Kenntnisse<\/li>\n<li>Kenntnis der Sicherheitsvorschriften<\/li>\n<li>Ausgepr\u00e4gte Dynamik, Unabh\u00e4ngigkeit, Eigeninitiative, Begeisterung und Kreativit\u00e4t<\/li>\n<li>Sehr gute zwischenmenschliche F\u00e4higkeiten<\/li>\n<li>Offenheit f\u00fcr neue Ideen und Ans\u00e4tze durch interdisziplin\u00e4re Diskussionen<\/li>\n<li>Bereitschaft zur pers\u00f6nlichen Weiterentwicklung im Unternehmen<\/li>\n<li>Gute Beherrschung der italienischen Sprache in Wort und Schrift<\/li>\n<\/ul>\n<p>[\/vc_column_text][vc_column_text css=&#8220;&#8220;]<strong>Beginn der T\u00e4tigkeit:<br \/>\n<\/strong>Nach Vereinbarung, unbefristeter Vertrag[\/vc_column_text][vc_btn title=&#8220;Bewerbung einreichen&#8220; shape=&#8220;square&#8220; color=&#8220;black&#8220; align=&#8220;left&#8220; css=&#8220;.vc_custom_1761830644316{margin-top: 15px !important;margin-bottom: 15px !important;}&#8220; link=&#8220;url:mailto%3Ainfo%40lifetech.swiss%3Fsubject%3DLavora%20con%20noi%20METALLBAUER%20UND%20-MONTEUR&#8220; el_class=&#8220;mailto-btn&#8220;][vc_column_text css=&#8220;&#8220;]<input id=\"choice_4_12_4\" class=\"gfield-choice-input\" name=\"input_12.1\" type=\"checkbox\" value=\"Ich erkl\u00e4re, dass ich die &lt;a href=&quot;https:\/\/lifetech.ch\/dichiarazione-sulla-privacy-ue\/&quot; style=&quot;font-weight:800;color:white&quot; target=&quot;_blank&quot;&gt;Datenschutzerkl\u00e4rung&lt;\/a&gt; gelesen habe und akzeptiere.\" data-gtm-form-interact-field-id=\"0\" \/>Ich habe die <a style=\"font-weight: 800;\" href=\"https:\/\/lifetech.ch\/de\/informationsblatt-bewerber\/\" target=\"_blank\" rel=\"noopener\">Datenschutzerkl\u00e4rung<\/a> gelesen und stimme der Verarbeitung meiner personenbezogenen Daten f\u00fcr Marketingzwecke zu.[\/vc_column_text]\t<\/div>\n<\/div><h5 class=\"eltdf-accordion-title\">\n    <span class=\"eltdf-accordion-mark\">\n\t\t<span class=\"eltdf_icon_plus icon_plus\"><\/span>\n\t\t<span class=\"eltdf_icon_minus icon_minus-06\"><\/span>\n\t<\/span>\n\t<span class=\"eltdf-tab-title\">SERVICETECHNIKER<\/span>\n<\/h5>\n<div class=\"eltdf-accordion-content\">\n\t<div class=\"eltdf-accordion-content-inner\">\n\t\t[vc_column_text css=&#8220;&#8220;]<strong>Branche:<\/strong> Garagentore, Tore, automatische T\u00fcren, Antriebssysteme[\/vc_column_text][vc_column_text css=&#8220;&#8220;]<strong>Arbeitsort:<\/strong> Lifetech SA, via Industria 17, Zone 4b, 6934 Bioggio (CH)[\/vc_column_text][vc_column_text css=&#8220;&#8220;]<strong>Aufgaben und Verantwortlichkeiten:<\/strong><\/p>\n<ul>\n<li>Montage und Inbetriebnahme von Garagentoren, Toranlagen, automatischen T\u00fcren und Antrieben<\/li>\n<li>Reparaturen, Sicherheitspr\u00fcfungen und Wartungsarbeiten<\/li>\n<li>Sensibilisierung f\u00fcr die Sicherheit von Anlagen<\/li>\n<li>Selbstst\u00e4ndige Abwicklung von Auftr\u00e4gen bis zur \u00dcbergabe<\/li>\n<\/ul>\n<p>Enge Zusammenarbeit mit dem Technik- und After-Sales-Team sowie der Produktion, um die \u00dcbereinstimmung zwischen Planung und Umsetzung sicherzustellen[\/vc_column_text][vc_column_text css=&#8220;&#8220;]<strong>Anforderungsprofil:<\/strong><\/p>\n<ul>\n<li>Abgeschlossene Ausbildung als Elektroniker oder gleichwertiger Abschluss<\/li>\n<li>Nachgewiesene Berufserfahrung in der Branche<\/li>\n<li>Sehr gutes Verst\u00e4ndnis f\u00fcr elektrische Schaltpl\u00e4ne und technische Zeichnungen<\/li>\n<li>Fundierte Kenntnisse im mechanischen \/ elektromechanischen Bereich<\/li>\n<li>Ausgepr\u00e4gte kommunikative F\u00e4higkeiten<\/li>\n<li>Vertrautheit mit Sicherheitsnormen f\u00fcr automatisierte Anlagen (EN)<\/li>\n<li>Offenheit f\u00fcr neue Ideen und interdisziplin\u00e4re Zusammenarbeit<\/li>\n<li>Eigeninitiative, Selbstst\u00e4ndigkeit, Engagement und Kreativit\u00e4t<\/li>\n<li>Bereitschaft zur pers\u00f6nlichen Weiterentwicklung innerhalb des Unternehmens<\/li>\n<li>Gute Italienisch-, Deutsch- und\/oder Englischkenntnisse in Wort und Schrift<\/li>\n<\/ul>\n<p>[\/vc_column_text][vc_column_text css=&#8220;&#8220;]<strong>Beginn der T\u00e4tigkeit:<\/strong><\/p>\n<p>Nach Vereinbarung, unbefristeter Vertrag[\/vc_column_text][vc_btn title=&#8220;Bewerbung einreichen&#8220; shape=&#8220;square&#8220; color=&#8220;black&#8220; align=&#8220;left&#8220; css=&#8220;.vc_custom_1761830634929{margin-top: 15px !important;margin-bottom: 15px !important;}&#8220; link=&#8220;url:mailto%3Ainfo%40lifetech.swiss%3Fsubject%3DLavora%20con%20noi%20SERVICETECHNIKER&#8220; el_class=&#8220;mailto-btn&#8220;][vc_column_text css=&#8220;&#8220;]<input id=\"choice_4_12_5\" class=\"gfield-choice-input\" name=\"input_12.1\" type=\"checkbox\" value=\"Ich erkl\u00e4re, dass ich die &lt;a href=&quot;https:\/\/lifetech.ch\/dichiarazione-sulla-privacy-ue\/&quot; style=&quot;font-weight:800;color:white&quot; target=&quot;_blank&quot;&gt;Datenschutzerkl\u00e4rung&lt;\/a&gt; gelesen habe und akzeptiere.\" data-gtm-form-interact-field-id=\"0\" \/>Ich habe die <a style=\"font-weight: 800;\" href=\"https:\/\/lifetech.ch\/de\/informationsblatt-bewerber\/\" target=\"_blank\" rel=\"noopener\">Datenschutzerkl\u00e4rung<\/a> gelesen und stimme der Verarbeitung meiner personenbezogenen Daten f\u00fcr Marketingzwecke zu.[\/vc_column_text]\t<\/div>\n<\/div><\/div>[vc_empty_space][vc_empty_space][vc_raw_js]JTNDc2NyaXB0JTNFJTBBZG9jdW1lbnQuYWRkRXZlbnRMaXN0ZW5lciUyOCUyN0RPTUNvbnRlbnRMb2FkZWQlMjclMkMlMjBmdW5jdGlvbiUyOCUyOSUyMCU3QiUwQSUyMCUyMGNvbnN0JTIwYnV0dG9ucyUyMCUzRCUyMGRvY3VtZW50LnF1ZXJ5U2VsZWN0b3JBbGwlMjglMjcubWFpbHRvLWJ0biUyNyUyOSUzQiUwQSUyMCUyMGNvbnN0JTIwY2hlY2tib3hlcyUyMCUzRCUyMCU1QiUwQSUyMCUyMCUyMCUyMGRvY3VtZW50LmdldEVsZW1lbnRCeUlkJTI4JTI3Y2hvaWNlXzRfMTJfMSUyNyUyOSUyQyUwQSUyMCUyMCUyMCUyMGRvY3VtZW50LmdldEVsZW1lbnRCeUlkJTI4JTI3Y2hvaWNlXzRfMTJfMiUyNyUyOSUyQyUwQSUyMCUyMCUyMCUyMGRvY3VtZW50LmdldEVsZW1lbnRCeUlkJTI4JTI3Y2hvaWNlXzRfMTJfMyUyNyUyOSUyQyUwQSUyMCUyMCUyMCUyMGRvY3VtZW50LmdldEVsZW1lbnRCeUlkJTI4JTI3Y2hvaWNlXzRfMTJfNCUyNyUyOSUyQyUwQSUyMCUyMCUyMCUyMGRvY3VtZW50LmdldEVsZW1lbnRCeUlkJTI4JTI3Y2hvaWNlXzRfMTJfNSUyNyUyOSUwQSUyMCUyMCU1RCUzQiUwQSUwQSUyMCUyMGJ1dHRvbnMuZm9yRWFjaCUyOCUyOGJ0biUyQyUyMGluZGV4JTI5JTIwJTNEJTNFJTIwJTdCJTBBJTIwJTIwJTIwJTIwYnRuLmFkZEV2ZW50TGlzdGVuZXIlMjglMjdjbGljayUyNyUyQyUyMGZ1bmN0aW9uJTIwJTI4ZSUyOSUyMCU3QiUwQSUyMCUyMCUyMCUyMCUyMCUyMGNvbnN0JTIwY2IlMjAlM0QlMjBjaGVja2JveGVzJTVCaW5kZXglNUQlM0IlMEElMjAlMjAlMjAlMjAlMjAlMjAlMkYlMkYlMjBTZSUyMG1hbmNhJTIwbGElMjBjaGVja2JveCUyMG8lMjBub24lMjAlQzMlQTglMjBzcHVudGF0YSUyMCVFMiU4NiU5MiUyMGJsb2NjYSUyMGUlMjBhdnZpc2ElMEElMjAlMjAlMjAlMjAlMjAlMjBpZiUyMCUyOCUyMWNiJTIwJTdDJTdDJTIwJTIxY2IuY2hlY2tlZCUyOSUyMCU3QiUwQSUyMCUyMCUyMCUyMCUyMCUyMCUyMCUyMGUucHJldmVudERlZmF1bHQlMjglMjklM0IlMEElMjAlMjAlMjAlMjAlMjAlMjAlMjAlMjBhbGVydCUyOCUyN0JpdHRlJTIwbGVzZW4lMjB1bmQlMjBha3plcHRpZXJlbiUyMFNpZSUyMGRpZSUyMERhdGVuc2NodXR6ZXJrbCVDMyVBNHJ1bmclMkMlMjBiZXZvciUyMFNpZSUyMGZvcnRmYWhyZW4uJTI3JTI5JTNCJTBBJTIwJTIwJTIwJTIwJTIwJTIwJTIwJTIwcmV0dXJuJTNCJTBBJTIwJTIwJTIwJTIwJTIwJTIwJTdEJTBBJTIwJTIwJTIwJTIwJTIwJTIwJTJGJTJGJTIwQWx0cmltZW50aSUyME5PTiUyMGNoaWFtYXJlJTIwcHJldmVudERlZmF1bHQlM0ElMjBsYXNjaWElMjBhZ2lyZSUyMGwlRTIlODAlOTlocmVmJTIwbmF0aXZvJTIwJTI4bWFpbHRvJTI5JTBBJTIwJTIwJTIwJTIwJTIwJTIwJTJGJTJGJTIwTmVzc3VuJTIwd2luZG93LmxvY2F0aW9uLmhyZWYlMjBtYW51YWxlJTIwJUUyJTg2JTkyJTIwbmllbnRlJTIwJTIydW5kZWZpbmVkJTIyJTBBJTIwJTIwJTIwJTIwJTdEJTI5JTNCJTBBJTIwJTIwJTdEJTI5JTNCJTBBJTdEJTI5JTNCJTBBJTNDJTJGc2NyaXB0JTNF[\/vc_raw_js][\/vc_column_inner][vc_column_inner width=&#8220;1\/6&#8243;][\/vc_column_inner][\/vc_row_inner][\/vc_column][vc_column css_animation=&#8220;bounceInRight&#8220; width=&#8220;1\/6&#8243; el_class=&#8220;vetical-align-center&#8220;][\/vc_column][\/vc_row]<\/p>\n<\/div>","protected":false},"excerpt":{"rendered":"<p>[vc_row full_width=&#8220;stretch_row&#8220; css=&#8220;.vc_custom_1741088164906{border-bottom-width: 0px !important;padding-bottom: 40px !important;background-color: #FFFFFF !important;border-bottom-style: solid !important;border-color: #000000 !important;}&#8220;][vc_column width=&#8220;1\/6&#8243;][\/vc_column][vc_column width=&#8220;1\/3&#8243;][vc_column_text css=&#8220;&#8220;]Lifetech ist ein familiengef\u00fchrtes Unternehmen mit 20 Jahren Erfahrung in der Herstellung von Garagentoren, Toranlagen, Automatisierungen und Metallkonstruktionen. Mit Sitz in Bioggio (Lugano &#8211; Schweiz) [&hellip;]<\/p>\n","protected":false},"author":3,"featured_media":0,"parent":0,"menu_order":0,"comment_status":"closed","ping_status":"closed","template":"full-width.php","meta":{"footnotes":""},"class_list":["post-7518","page","type-page","status-publish","hentry"],"_links":{"self":[{"href":"https:\/\/lifetech.ch\/de\/wp-json\/wp\/v2\/pages\/7518","targetHints":{"allow":["GET"]}}],"collection":[{"href":"https:\/\/lifetech.ch\/de\/wp-json\/wp\/v2\/pages"}],"about":[{"href":"https:\/\/lifetech.ch\/de\/wp-json\/wp\/v2\/types\/page"}],"author":[{"embeddable":true,"href":"https:\/\/lifetech.ch\/de\/wp-json\/wp\/v2\/users\/3"}],"replies":[{"embeddable":true,"href":"https:\/\/lifetech.ch\/de\/wp-json\/wp\/v2\/comments?post=7518"}],"version-history":[{"count":10,"href":"https:\/\/lifetech.ch\/de\/wp-json\/wp\/v2\/pages\/7518\/revisions"}],"predecessor-version":[{"id":7802,"href":"https:\/\/lifetech.ch\/de\/wp-json\/wp\/v2\/pages\/7518\/revisions\/7802"}],"wp:attachment":[{"href":"https:\/\/lifetech.ch\/de\/wp-json\/wp\/v2\/media?parent=7518"}],"curies":[{"name":"wp","href":"https:\/\/api.w.org\/{rel}","templated":true}]}}