{"id":7513,"date":"2024-11-07T17:04:22","date_gmt":"2024-11-07T17:04:22","guid":{"rendered":"https:\/\/lifetech.ch\/partner\/"},"modified":"2025-10-15T16:33:29","modified_gmt":"2025-10-15T16:33:29","slug":"partner","status":"publish","type":"page","link":"https:\/\/lifetech.ch\/de\/partner\/","title":{"rendered":"Partnerschaften &#038; Verb\u00e4Nde"},"content":{"rendered":"<div class=\"wpb-content-wrapper\"><p>[vc_row css=&#8220;.vc_custom_1732112610845{margin-top: 50px !important;}&#8220;][vc_column width=&#8220;1\/4&#8243;][\/vc_column][vc_column width=&#8220;2\/4&#8243;][vc_custom_heading text=&#8220;Unsere <strong>Mitgliedschaft<\/strong> in Branchenverb\u00e4nden&#8220; font_container=&#8220;tag:h2|text_align:center&#8220; use_theme_fonts=&#8220;yes&#8220; css=&#8220;.vc_custom_1760452394100{margin-top: 50px !important;margin-bottom: 80px !important;}&#8220;][vc_column_text css=&#8220;&#8220; el_class=&#8220;leftmobile&#8220;]<\/p>\n<p style=\"text-align: justify;\">Bei Lifetech sind wir \u00fcberzeugt von der Bedeutung, Teil der <strong>f\u00fchrenden Branchenverb\u00e4nde<\/strong> zu sein \u2013 einem zentralen Pfeiler f\u00fcr Innovation und Qualit\u00e4t. Unsere Mitgliedschaft in diesen Organisationen stellt sicher, dass wir stets \u00fcber <strong>die neuesten Vorschriften, technologischen Trends und Best Practices<\/strong> im Bereich Sicherheit und Automatisierung informiert sind.<br \/>\nDie Zusammenarbeit mit anerkannten Verb\u00e4nden ist nicht nur eine strategische Entscheidung, sondern auch ein klares Bekenntnis gegen\u00fcber unseren Kunden: Wir bieten L\u00f6sungen, die h\u00f6chsten Standards entsprechen.<br \/>\nDank diesen Partnerschaften positionieren wir uns als verl\u00e4sslicher Ansprechpartner mit Professionalit\u00e4t, Kompetenz und Vertrauensw\u00fcrdigkeit.<br \/>\nWir sind stolz darauf, aktiv zur Weiterentwicklung der Branche beizutragen \u2013 durch den Austausch unseres Know-hows innerhalb eines starken <strong>Netzwerks von Fachleuten<\/strong>.<\/p>\n<p>[\/vc_column_text][\/vc_column][vc_column width=&#8220;1\/4&#8243;][\/vc_column][\/vc_row][vc_row][vc_column width=&#8220;1\/4&#8243;][\/vc_column][vc_column width=&#8220;1\/4&#8243;][vc_single_image image=&#8220;5125&#8243; img_size=&#8220;full&#8220; alignment=&#8220;center&#8220; onclick=&#8220;custom_link&#8220; img_link_target=&#8220;_blank&#8220; css=&#8220;&#8220; link=&#8220;https:\/\/www.igtat.ch\/de\/home.html&#8220;][vc_column_text css=&#8220;&#8220;]<\/p>\n<p style=\"text-align: center;\">Wir sind Mitglied der Interessengemeinschaft Tore, Antriebe und T\u00fcren (IGTAT).<\/p>\n<p>[\/vc_column_text][\/vc_column][vc_column width=&#8220;1\/4&#8243;][vc_single_image image=&#8220;5126&#8243; img_size=&#8220;full&#8220; alignment=&#8220;center&#8220; onclick=&#8220;custom_link&#8220; img_link_target=&#8220;_blank&#8220; css=&#8220;&#8220; link=&#8220;https:\/\/ti.amsuisse.ch\/it\/home-am-suisse-ticino&#8220;][vc_column_text css=&#8220;&#8220;]<\/p>\n<p style=\"text-align: center;\">Wir sind Mitglied von AM Suisse, dem Schweizerischen Arbeitgeberverband f\u00fcr Metallbau, Landtechnik und Hufschmiede.<\/p>\n<p>[\/vc_column_text][\/vc_column][vc_column width=&#8220;1\/4&#8243;][\/vc_column][\/vc_row][vc_row css=&#8220;.vc_custom_1732112610845{margin-top: 50px !important;}&#8220;][vc_column width=&#8220;1\/4&#8243;][\/vc_column][vc_column width=&#8220;2\/4&#8243;][vc_custom_heading text=&#8220;Unser Ansatz f\u00fcr <strong>Partnerschaften<\/strong>&#8220; font_container=&#8220;tag:h2|text_align:center&#8220; use_theme_fonts=&#8220;yes&#8220; css=&#8220;.vc_custom_1760452684494{margin-top: 80px !important;margin-bottom: 80px !important;}&#8220;][vc_column_text css=&#8220;&#8220; el_class=&#8220;leftmobile&#8220;]<\/p>\n<p style=\"text-align: justify;\">Bei Lifetech basiert der Erfolg auf starken Partnerschaften mit f\u00fchrenden Akteuren im Bereich <strong>Sicherheit und Automatisierung<\/strong>. Dank strategischer Kooperationen bieten wir innovative und individuelle L\u00f6sungen an, die gezielt auf die Bed\u00fcrfnisse von Unternehmen und Privatkunden zugeschnitten sind.<br \/>\nWir arbeiten mit <strong>ausgew\u00e4hlten Partnern<\/strong> zusammen, um die modernsten Technologien zu integrieren \u2013 von der technischen Beratung bis zur Umsetzung massgeschneiderter Systeme. Sich f\u00fcr Lifetech zu entscheiden bedeutet, auf ein Netzwerk aus Fachkompetenz und Technologie zu setzen, das f\u00fcr Sicherheit, Effizienz und Innovation steht<\/p>\n<p>[\/vc_column_text][\/vc_column][vc_column width=&#8220;1\/4&#8243;][\/vc_column][\/vc_row][vc_row][vc_column][vc_column_text]<br \/>\n[\/vc_column_text][\/vc_column][\/vc_row][vc_row row_content_width=&#8220;grid&#8220; content_width=&#8220;grid&#8220; css=&#8220;.vc_custom_1732114504045{padding-top: 70px !important;padding-bottom: 70px !important;}&#8220;][vc_column]<div class=\"eltdf-clients-carousel-holder eltdf-cc-hover-switch-images\">\n\t<div class=\"eltdf-cc-inner eltdf-owl-slider\" data-number-of-items=\"5\" data-enable-loop=\"yes\" data-enable-autoplay=\"yes\" data-slider-speed=\"5000\" data-slider-speed-animation=\"600\" data-enable-navigation=\"yes\" data-enable-pagination=\"no\">\n\t\t<div class=\"eltdf-cc-item eltdf-item-space\">\n\t\t\t<a itemprop=\"url\" class=\"eltdf-cc-image-wrapper eltdf-cc-link eltdf-block-drag-link\" href=\"https:\/\/www.tormax.com\" target=\"_blank\" rel=\"noopener\">\n\t\t\t\t\t\t<img decoding=\"async\" itemprop=\"image\" class=\"eltdf-cc-image\" src=\"https:\/\/lifetech.ch\/wp-content\/uploads\/2024\/11\/LoghiPartners_Tormax_1.png\" alt=\"\" \/>\n\t\t\t\t\t\t\t<img decoding=\"async\" itemprop=\"image\" class=\"eltdf-cc-hover-image\" src=\"https:\/\/lifetech.ch\/wp-content\/uploads\/2024\/11\/LoghiPartners_Tormax_2.png\" alt=\"\" \/>\n\t\t\t\t\t<\/a>\n\t<\/div><div class=\"eltdf-cc-item eltdf-item-space\">\n\t\t\t<a itemprop=\"url\" class=\"eltdf-cc-image-wrapper eltdf-cc-link eltdf-block-drag-link\" href=\"https:\/\/www.novoferm.ch\" target=\"_blank\" rel=\"noopener\">\n\t\t\t\t\t\t<img decoding=\"async\" itemprop=\"image\" class=\"eltdf-cc-image\" src=\"https:\/\/lifetech.ch\/wp-content\/uploads\/2024\/11\/LoghiPartners_Novoferm_1.png\" alt=\"\" \/>\n\t\t\t\t\t\t\t<img decoding=\"async\" itemprop=\"image\" class=\"eltdf-cc-hover-image\" src=\"https:\/\/lifetech.ch\/wp-content\/uploads\/2024\/11\/LoghiPartners_Novoferm_2.png\" alt=\"\" \/>\n\t\t\t\t\t<\/a>\n\t<\/div><div class=\"eltdf-cc-item eltdf-item-space\">\n\t\t\t<a itemprop=\"url\" class=\"eltdf-cc-image-wrapper eltdf-cc-link eltdf-block-drag-link\" href=\"https:\/\/www.eazymatic-torantriebe.ch\" target=\"_blank\" rel=\"noopener\">\n\t\t\t\t\t\t<img decoding=\"async\" itemprop=\"image\" class=\"eltdf-cc-image\" src=\"https:\/\/lifetech.ch\/wp-content\/uploads\/2024\/11\/LoghiPartners_Eazymatic_1.png\" alt=\"\" \/>\n\t\t\t\t\t\t\t<img decoding=\"async\" itemprop=\"image\" class=\"eltdf-cc-hover-image\" src=\"https:\/\/lifetech.ch\/wp-content\/uploads\/2024\/11\/LoghiPartners_Eazymatic_2.png\" alt=\"\" \/>\n\t\t\t\t\t<\/a>\n\t<\/div><div class=\"eltdf-cc-item eltdf-item-space\">\n\t\t\t<a itemprop=\"url\" class=\"eltdf-cc-image-wrapper eltdf-cc-link eltdf-block-drag-link\" href=\"https:\/\/www.niceforyou.com\" target=\"_blank\" rel=\"noopener\">\n\t\t\t\t\t\t<img decoding=\"async\" itemprop=\"image\" class=\"eltdf-cc-image\" src=\"https:\/\/lifetech.ch\/wp-content\/uploads\/2024\/11\/LoghiPartners_Niceforyou_1.png\" alt=\"\" \/>\n\t\t\t\t\t\t\t<img decoding=\"async\" itemprop=\"image\" class=\"eltdf-cc-hover-image\" src=\"https:\/\/lifetech.ch\/wp-content\/uploads\/2024\/11\/LoghiPartners_Niceforyou_2.png\" alt=\"\" \/>\n\t\t\t\t\t<\/a>\n\t<\/div><div class=\"eltdf-cc-item eltdf-item-space\">\n\t\t\t<a itemprop=\"url\" class=\"eltdf-cc-image-wrapper eltdf-cc-link eltdf-block-drag-link\" href=\"https:\/\/www.forster-profile.ch\" target=\"_blank\" rel=\"noopener\">\n\t\t\t\t\t\t<img decoding=\"async\" itemprop=\"image\" class=\"eltdf-cc-image\" src=\"https:\/\/lifetech.ch\/wp-content\/uploads\/2024\/11\/LoghiPartners_Forster_1.png\" alt=\"\" \/>\n\t\t\t\t\t\t\t<img decoding=\"async\" itemprop=\"image\" class=\"eltdf-cc-hover-image\" src=\"https:\/\/lifetech.ch\/wp-content\/uploads\/2024\/11\/LoghiPartners_Forster_2.png\" alt=\"\" \/>\n\t\t\t\t\t<\/a>\n\t<\/div><div class=\"eltdf-cc-item eltdf-item-space\">\n\t\t\t<a itemprop=\"url\" class=\"eltdf-cc-image-wrapper eltdf-cc-link eltdf-block-drag-link\" href=\"https:\/\/www.jansen.com\" target=\"_blank\" rel=\"noopener\">\n\t\t\t\t\t\t<img decoding=\"async\" itemprop=\"image\" class=\"eltdf-cc-image\" src=\"https:\/\/lifetech.ch\/wp-content\/uploads\/2024\/11\/LoghiPartners_Jansen_1.png\" alt=\"\" \/>\n\t\t\t\t\t\t\t<img decoding=\"async\" itemprop=\"image\" class=\"eltdf-cc-hover-image\" src=\"https:\/\/lifetech.ch\/wp-content\/uploads\/2024\/11\/LoghiPartners_Jansen_2-1.png\" alt=\"\" \/>\n\t\t\t\t\t<\/a>\n\t<\/div><div class=\"eltdf-cc-item eltdf-item-space\">\n\t\t\t<a itemprop=\"url\" class=\"eltdf-cc-image-wrapper eltdf-cc-link eltdf-block-drag-link\" href=\"https:\/\/www.schueco.com\" target=\"_blank\" rel=\"noopener\">\n\t\t\t\t\t\t<img decoding=\"async\" itemprop=\"image\" class=\"eltdf-cc-image\" src=\"https:\/\/lifetech.ch\/wp-content\/uploads\/2024\/11\/LoghiPartners_Schuco_1.png\" alt=\"\" \/>\n\t\t\t\t\t\t\t<img decoding=\"async\" itemprop=\"image\" class=\"eltdf-cc-hover-image\" src=\"https:\/\/lifetech.ch\/wp-content\/uploads\/2024\/11\/LoghiPartners_Schuco_2.png\" alt=\"\" \/>\n\t\t\t\t\t<\/a>\n\t<\/div>\t<\/div>\n<\/div>[\/vc_column][\/vc_row]<\/p>\n<\/div>","protected":false},"excerpt":{"rendered":"<p>[vc_row css=&#8220;.vc_custom_1732112610845{margin-top: 50px !important;}&#8220;][vc_column width=&#8220;1\/4&#8243;][\/vc_column][vc_column width=&#8220;2\/4&#8243;][vc_custom_heading text=&#8220;Unsere Mitgliedschaft in Branchenverb\u00e4nden&#8220; font_container=&#8220;tag:h2|text_align:center&#8220; use_theme_fonts=&#8220;yes&#8220; css=&#8220;.vc_custom_1760452394100{margin-top: 50px !important;margin-bottom: 80px !important;}&#8220;][vc_column_text css=&#8220;&#8220; el_class=&#8220;leftmobile&#8220;] Bei Lifetech sind wir \u00fcberzeugt von der Bedeutung, Teil der f\u00fchrenden Branchenverb\u00e4nde zu sein \u2013 einem zentralen Pfeiler f\u00fcr Innovation und [&hellip;]<\/p>\n","protected":false},"author":1,"featured_media":0,"parent":0,"menu_order":0,"comment_status":"closed","ping_status":"closed","template":"full-width.php","meta":{"footnotes":""},"class_list":["post-7513","page","type-page","status-publish","hentry"],"_links":{"self":[{"href":"https:\/\/lifetech.ch\/de\/wp-json\/wp\/v2\/pages\/7513","targetHints":{"allow":["GET"]}}],"collection":[{"href":"https:\/\/lifetech.ch\/de\/wp-json\/wp\/v2\/pages"}],"about":[{"href":"https:\/\/lifetech.ch\/de\/wp-json\/wp\/v2\/types\/page"}],"author":[{"embeddable":true,"href":"https:\/\/lifetech.ch\/de\/wp-json\/wp\/v2\/users\/1"}],"replies":[{"embeddable":true,"href":"https:\/\/lifetech.ch\/de\/wp-json\/wp\/v2\/comments?post=7513"}],"version-history":[{"count":4,"href":"https:\/\/lifetech.ch\/de\/wp-json\/wp\/v2\/pages\/7513\/revisions"}],"predecessor-version":[{"id":7665,"href":"https:\/\/lifetech.ch\/de\/wp-json\/wp\/v2\/pages\/7513\/revisions\/7665"}],"wp:attachment":[{"href":"https:\/\/lifetech.ch\/de\/wp-json\/wp\/v2\/media?parent=7513"}],"curies":[{"name":"wp","href":"https:\/\/api.w.org\/{rel}","templated":true}]}}